{"id":752,"date":"2024-03-26T10:33:28","date_gmt":"2024-03-26T14:33:28","guid":{"rendered":"https:\/\/clearvieweasley.com\/cuidado-en-la-etapa-final-de-la-vida\/"},"modified":"2024-06-05T12:50:33","modified_gmt":"2024-06-05T16:50:33","slug":"cuidado-en-la-etapa-final-de-la-vida","status":"publish","type":"page","link":"https:\/\/clearvieweasley.com\/es\/servicios-veterinarios\/cuidado-en-la-etapa-final-de-la-vida\/","title":{"rendered":"Cuidado en la etapa final de la vida"},"content":{"rendered":"\t\t<div data-elementor-type=\"wp-page\" data-elementor-id=\"752\" class=\"elementor elementor-752 elementor-566\" data-elementor-post-type=\"page\">\n\t\t\t\t\t\t<section class=\"elementor-section elementor-top-section elementor-element elementor-element-c1ea38b elementor-section-height-min-height elementor-section-boxed elementor-section-height-default elementor-section-items-middle\" data-id=\"c1ea38b\" data-element_type=\"section\" data-e-type=\"section\" data-settings=\"{&quot;background_background&quot;:&quot;classic&quot;}\">\n\t\t\t\t\t\t\t<div class=\"elementor-background-overlay\"><\/div>\n\t\t\t\t\t\t\t<div class=\"elementor-container elementor-column-gap-default\">\n\t\t\t\t\t<div class=\"elementor-column elementor-col-100 elementor-top-column elementor-element elementor-element-75b175aa\" data-id=\"75b175aa\" data-element_type=\"column\" data-e-type=\"column\">\n\t\t\t<div class=\"elementor-widget-wrap elementor-element-populated\">\n\t\t\t\t\t\t<div class=\"elementor-element elementor-element-542e3da2 elementor-widget elementor-widget-spacer\" data-id=\"542e3da2\" data-element_type=\"widget\" data-e-type=\"widget\" data-widget_type=\"spacer.default\">\n\t\t\t\t<div class=\"elementor-widget-container\">\n\t\t\t\t\t\t\t<div class=\"elementor-spacer\">\n\t\t\t<div class=\"elementor-spacer-inner\"><\/div>\n\t\t<\/div>\n\t\t\t\t\t\t<\/div>\n\t\t\t\t<\/div>\n\t\t\t\t\t<\/div>\n\t\t<\/div>\n\t\t\t\t\t<\/div>\n\t\t<\/section>\n\t\t\t\t<section class=\"elementor-section elementor-top-section elementor-element elementor-element-b8ff1b4 elementor-section-boxed elementor-section-height-default elementor-section-height-default\" data-id=\"b8ff1b4\" data-element_type=\"section\" data-e-type=\"section\">\n\t\t\t\t\t\t<div class=\"elementor-container elementor-column-gap-default\">\n\t\t\t\t\t<div class=\"elementor-column elementor-col-100 elementor-top-column elementor-element elementor-element-40f9a06d\" data-id=\"40f9a06d\" data-element_type=\"column\" data-e-type=\"column\">\n\t\t\t<div class=\"elementor-widget-wrap elementor-element-populated\">\n\t\t\t\t\t\t<div class=\"elementor-element elementor-element-5a9506cf elementor-widget elementor-widget-heading\" data-id=\"5a9506cf\" data-element_type=\"widget\" data-e-type=\"widget\" data-widget_type=\"heading.default\">\n\t\t\t\t<div class=\"elementor-widget-container\">\n\t\t\t\t\t<h1 class=\"elementor-heading-title elementor-size-default\">Cuidado en la etapa final de la vida<\/h1>\t\t\t\t<\/div>\n\t\t\t\t<\/div>\n\t\t\t\t<div class=\"elementor-element elementor-element-1decf727 elementor-widget elementor-widget-heading\" data-id=\"1decf727\" data-element_type=\"widget\" data-e-type=\"widget\" data-widget_type=\"heading.default\">\n\t\t\t\t<div class=\"elementor-widget-container\">\n\t\t\t\t\t<h4 class=\"elementor-heading-title elementor-size-default\">Cuidado Compasivo al Final de la Vida Para Mascotas Cerca de Easley, SC<\/h4>\t\t\t\t<\/div>\n\t\t\t\t<\/div>\n\t\t\t\t\t<\/div>\n\t\t<\/div>\n\t\t\t\t\t<\/div>\n\t\t<\/section>\n\t\t\t\t<section class=\"elementor-section elementor-top-section elementor-element elementor-element-6da45c5d elementor-section-boxed elementor-section-height-default elementor-section-height-default\" data-id=\"6da45c5d\" data-element_type=\"section\" data-e-type=\"section\">\n\t\t\t\t\t\t<div class=\"elementor-container elementor-column-gap-default\">\n\t\t\t\t\t<div class=\"elementor-column elementor-col-50 elementor-top-column elementor-element elementor-element-2c69c482\" data-id=\"2c69c482\" data-element_type=\"column\" data-e-type=\"column\">\n\t\t\t<div class=\"elementor-widget-wrap elementor-element-populated\">\n\t\t\t\t\t\t<div class=\"elementor-element elementor-element-449b1665 elementor-widget elementor-widget-text-editor\" data-id=\"449b1665\" data-element_type=\"widget\" data-e-type=\"widget\" data-widget_type=\"text-editor.default\">\n\t\t\t\t<div class=\"elementor-widget-container\">\n\t\t\t\t\t\t\t\t\t<p>Las mascotas son miembros de nuestras familias, y decir adi\u00f3s puede ser una de las cosas m\u00e1s dif\u00edciles que una familia amorosa tenga que hacer. En momentos dif\u00edciles al enfrentar decisiones sobre el cuidado al final de la vida de su mascota, puede confiar en que el veterinario y el equipo de Clearview estar\u00e1n aqu\u00ed para brindarle apoyo. Como amantes de los animales y due\u00f1os de mascotas, comprendemos la dificultad de evaluar como tutores la condici\u00f3n y la calidad de vida de su mascota. Nos tomaremos el tiempo para tener una charla sincera sobre los aspectos f\u00edsicos y emocionales involucrados en la toma de decisiones al final de la vida de su mascota, brind\u00e1ndole el tiempo necesario para considerar la situaci\u00f3n individual de su mascota. Si la eutanasia es el camino elegido, tenga la seguridad de que proporcionaremos un entorno tranquilo y c\u00f3modo, asegurando que los \u00faltimos momentos de su mascota sean pac\u00edficos y libres de dolor.<\/p>\n\t\t\t\t\t\t\t\t<\/div>\n\t\t\t\t<\/div>\n\t\t\t\t\t<\/div>\n\t\t<\/div>\n\t\t\t\t<div class=\"elementor-column elementor-col-50 elementor-top-column elementor-element elementor-element-764cca59\" data-id=\"764cca59\" data-element_type=\"column\" data-e-type=\"column\" data-settings=\"{&quot;background_background&quot;:&quot;classic&quot;}\">\n\t\t\t<div class=\"elementor-widget-wrap elementor-element-populated\">\n\t\t\t\t\t\t<section class=\"elementor-section elementor-inner-section elementor-element elementor-element-76c7587a elementor-section-boxed elementor-section-height-default elementor-section-height-default\" data-id=\"76c7587a\" data-element_type=\"section\" data-e-type=\"section\">\n\t\t\t\t\t\t<div class=\"elementor-container elementor-column-gap-default\">\n\t\t\t\t\t<div class=\"elementor-column elementor-col-100 elementor-inner-column elementor-element elementor-element-68e90b2e\" data-id=\"68e90b2e\" data-element_type=\"column\" data-e-type=\"column\" data-settings=\"{&quot;background_background&quot;:&quot;classic&quot;}\">\n\t\t\t<div class=\"elementor-widget-wrap elementor-element-populated\">\n\t\t\t\t\t\t<div class=\"elementor-element elementor-element-60dbb379 elementor-widget elementor-widget-heading\" data-id=\"60dbb379\" data-element_type=\"widget\" data-e-type=\"widget\" data-widget_type=\"heading.default\">\n\t\t\t\t<div class=\"elementor-widget-container\">\n\t\t\t\t\t<h2 class=\"elementor-heading-title elementor-size-default\">Agenda una Cita<\/h2>\t\t\t\t<\/div>\n\t\t\t\t<\/div>\n\t\t\t\t<div class=\"elementor-element elementor-element-3dd3e633 elementor-widget elementor-widget-heading\" data-id=\"3dd3e633\" data-element_type=\"widget\" data-e-type=\"widget\" data-widget_type=\"heading.default\">\n\t\t\t\t<div class=\"elementor-widget-container\">\n\t\t\t\t\t<h4 class=\"elementor-heading-title elementor-size-default\">Estamos aceptando nuevos clientes<\/h4>\t\t\t\t<\/div>\n\t\t\t\t<\/div>\n\t\t\t\t<div class=\"elementor-element elementor-element-3a12662b elementor-widget elementor-widget-spacer\" data-id=\"3a12662b\" data-element_type=\"widget\" data-e-type=\"widget\" data-widget_type=\"spacer.default\">\n\t\t\t\t<div class=\"elementor-widget-container\">\n\t\t\t\t\t\t\t<div class=\"elementor-spacer\">\n\t\t\t<div class=\"elementor-spacer-inner\"><\/div>\n\t\t<\/div>\n\t\t\t\t\t\t<\/div>\n\t\t\t\t<\/div>\n\t\t\t\t<div class=\"elementor-element elementor-element-309cc21e elementor-align-left elementor-mobile-align-justify elementor-widget__width-auto elementor-widget-mobile__width-inherit elementor-tablet-align-justify elementor-widget-tablet__width-inherit elementor-widget elementor-widget-button\" data-id=\"309cc21e\" data-element_type=\"widget\" data-e-type=\"widget\" data-widget_type=\"button.default\">\n\t\t\t\t<div class=\"elementor-widget-container\">\n\t\t\t\t\t\t\t\t\t<div class=\"elementor-button-wrapper\">\n\t\t\t\t\t<a class=\"elementor-button elementor-button-link elementor-size-sm\" href=\"#appointment\">\n\t\t\t\t\t\t<span class=\"elementor-button-content-wrapper\">\n\t\t\t\t\t\t\t\t\t<span class=\"elementor-button-text\">Agendar cita<\/span>\n\t\t\t\t\t<\/span>\n\t\t\t\t\t<\/a>\n\t\t\t\t<\/div>\n\t\t\t\t\t\t\t\t<\/div>\n\t\t\t\t<\/div>\n\t\t\t\t<div class=\"elementor-element elementor-element-305126b4 elementor-align-left elementor-mobile-align-justify elementor-widget__width-auto elementor-widget-mobile__width-inherit elementor-tablet-align-justify elementor-widget-tablet__width-inherit elementor-widget elementor-widget-button\" data-id=\"305126b4\" data-element_type=\"widget\" data-e-type=\"widget\" data-widget_type=\"button.default\">\n\t\t\t\t<div class=\"elementor-widget-container\">\n\t\t\t\t\t\t\t\t\t<div class=\"elementor-button-wrapper\">\n\t\t\t\t\t<a class=\"elementor-button elementor-button-link elementor-size-sm\" href=\"tel:864-442-6192\" target=\"_blank\">\n\t\t\t\t\t\t<span class=\"elementor-button-content-wrapper\">\n\t\t\t\t\t\t\t\t\t<span class=\"elementor-button-text\">Llama al: (864) 442-6192<\/span>\n\t\t\t\t\t<\/span>\n\t\t\t\t\t<\/a>\n\t\t\t\t<\/div>\n\t\t\t\t\t\t\t\t<\/div>\n\t\t\t\t<\/div>\n\t\t\t\t\t<\/div>\n\t\t<\/div>\n\t\t\t\t\t<\/div>\n\t\t<\/section>\n\t\t\t\t<div class=\"elementor-element elementor-element-9905fac elementor-widget elementor-widget-spacer\" data-id=\"9905fac\" data-element_type=\"widget\" data-e-type=\"widget\" data-widget_type=\"spacer.default\">\n\t\t\t\t<div class=\"elementor-widget-container\">\n\t\t\t\t\t\t\t<div class=\"elementor-spacer\">\n\t\t\t<div class=\"elementor-spacer-inner\"><\/div>\n\t\t<\/div>\n\t\t\t\t\t\t<\/div>\n\t\t\t\t<\/div>\n\t\t\t\t\t<\/div>\n\t\t<\/div>\n\t\t\t\t\t<\/div>\n\t\t<\/section>\n\t\t\t\t<\/div>\n\t\t","protected":false},"excerpt":{"rendered":"<p>Cuidado en la etapa final de la vida Cuidado Compasivo al Final de la Vida Para Mascotas Cerca de Easley, SC Las mascotas son miembros de nuestras familias, y decir adi\u00f3s puede ser una de las cosas m\u00e1s dif\u00edciles que una familia amorosa tenga que hacer. En momentos dif\u00edciles al enfrentar decisiones sobre el cuidado [&hellip;]<\/p>\n","protected":false},"author":1,"featured_media":730,"parent":769,"menu_order":0,"comment_status":"closed","ping_status":"closed","template":"","meta":{"footnotes":""},"class_list":["post-752","page","type-page","status-publish","has-post-thumbnail","hentry"],"yoast_head":"<!-- This site is optimized with the Yoast SEO plugin v27.4 - https:\/\/yoast.com\/product\/yoast-seo-wordpress\/ -->\n<title>Cuidado en la etapa final de la vida - Clearview Animal Hospital<\/title>\n<meta name=\"description\" content=\"En momentos dif\u00edciles en los que deba tomar decisiones sobre el cuidado al final de la vida de su mascota, sepa que el veterinario y el personal de Clearview est\u00e1n aqu\u00ed para apoyarlo, sabemos que no es una decisi\u00f3n facil.\" \/>\n<meta name=\"robots\" content=\"index, follow, max-snippet:-1, max-image-preview:large, max-video-preview:-1\" \/>\n<link rel=\"canonical\" href=\"https:\/\/clearvieweasley.com\/es\/servicios-veterinarios\/cuidado-en-la-etapa-final-de-la-vida\/\" \/>\n<meta property=\"og:locale\" content=\"es_ES\" \/>\n<meta property=\"og:type\" content=\"article\" \/>\n<meta property=\"og:title\" content=\"Cuidado en la etapa final de la vida - Clearview Animal Hospital\" \/>\n<meta property=\"og:description\" content=\"En momentos dif\u00edciles en los que deba tomar decisiones sobre el cuidado al final de la vida de su mascota, sepa que el veterinario y el personal de Clearview est\u00e1n aqu\u00ed para apoyarlo, sabemos que no es una decisi\u00f3n facil.\" \/>\n<meta property=\"og:url\" content=\"https:\/\/clearvieweasley.com\/es\/servicios-veterinarios\/cuidado-en-la-etapa-final-de-la-vida\/\" \/>\n<meta property=\"og:site_name\" content=\"Clearview Animal Hospital\" \/>\n<meta property=\"article:publisher\" content=\"https:\/\/www.facebook.com\/clearviewanimalhospitalSC\" \/>\n<meta property=\"article:modified_time\" content=\"2024-06-05T16:50:33+00:00\" \/>\n<meta property=\"og:image\" content=\"https:\/\/clearvieweasley.com\/wp-content\/uploads\/2024\/03\/end-of-life-alt.jpg\" \/>\n\t<meta property=\"og:image:width\" content=\"1200\" \/>\n\t<meta property=\"og:image:height\" content=\"624\" \/>\n\t<meta property=\"og:image:type\" content=\"image\/jpeg\" \/>\n<meta name=\"twitter:card\" content=\"summary_large_image\" \/>\n<meta name=\"twitter:label1\" content=\"Tiempo de lectura\" \/>\n\t<meta name=\"twitter:data1\" content=\"1 minuto\" \/>\n<script type=\"application\/ld+json\" class=\"yoast-schema-graph\">{\"@context\":\"https:\\\/\\\/schema.org\",\"@graph\":[{\"@type\":\"WebPage\",\"@id\":\"https:\\\/\\\/clearvieweasley.com\\\/es\\\/servicios-veterinarios\\\/cuidado-en-la-etapa-final-de-la-vida\\\/\",\"url\":\"https:\\\/\\\/clearvieweasley.com\\\/es\\\/servicios-veterinarios\\\/cuidado-en-la-etapa-final-de-la-vida\\\/\",\"name\":\"Cuidado en la etapa final de la vida - Clearview Animal Hospital\",\"isPartOf\":{\"@id\":\"https:\\\/\\\/clearvieweasley.com\\\/es\\\/#website\"},\"primaryImageOfPage\":{\"@id\":\"https:\\\/\\\/clearvieweasley.com\\\/es\\\/servicios-veterinarios\\\/cuidado-en-la-etapa-final-de-la-vida\\\/#primaryimage\"},\"image\":{\"@id\":\"https:\\\/\\\/clearvieweasley.com\\\/es\\\/servicios-veterinarios\\\/cuidado-en-la-etapa-final-de-la-vida\\\/#primaryimage\"},\"thumbnailUrl\":\"https:\\\/\\\/clearvieweasley.com\\\/wp-content\\\/uploads\\\/2024\\\/03\\\/end-of-life-alt.jpg\",\"datePublished\":\"2024-03-26T14:33:28+00:00\",\"dateModified\":\"2024-06-05T16:50:33+00:00\",\"description\":\"En momentos dif\u00edciles en los que deba tomar decisiones sobre el cuidado al final de la vida de su mascota, sepa que el veterinario y el personal de Clearview est\u00e1n aqu\u00ed para apoyarlo, sabemos que no es una decisi\u00f3n facil.\",\"breadcrumb\":{\"@id\":\"https:\\\/\\\/clearvieweasley.com\\\/es\\\/servicios-veterinarios\\\/cuidado-en-la-etapa-final-de-la-vida\\\/#breadcrumb\"},\"inLanguage\":\"es\",\"potentialAction\":[{\"@type\":\"ReadAction\",\"target\":[\"https:\\\/\\\/clearvieweasley.com\\\/es\\\/servicios-veterinarios\\\/cuidado-en-la-etapa-final-de-la-vida\\\/\"]}]},{\"@type\":\"ImageObject\",\"inLanguage\":\"es\",\"@id\":\"https:\\\/\\\/clearvieweasley.com\\\/es\\\/servicios-veterinarios\\\/cuidado-en-la-etapa-final-de-la-vida\\\/#primaryimage\",\"url\":\"https:\\\/\\\/clearvieweasley.com\\\/wp-content\\\/uploads\\\/2024\\\/03\\\/end-of-life-alt.jpg\",\"contentUrl\":\"https:\\\/\\\/clearvieweasley.com\\\/wp-content\\\/uploads\\\/2024\\\/03\\\/end-of-life-alt.jpg\",\"width\":1200,\"height\":624},{\"@type\":\"BreadcrumbList\",\"@id\":\"https:\\\/\\\/clearvieweasley.com\\\/es\\\/servicios-veterinarios\\\/cuidado-en-la-etapa-final-de-la-vida\\\/#breadcrumb\",\"itemListElement\":[{\"@type\":\"ListItem\",\"position\":1,\"name\":\"Home\",\"item\":\"https:\\\/\\\/clearvieweasley.com\\\/es\\\/hogar\\\/\"},{\"@type\":\"ListItem\",\"position\":2,\"name\":\"Servicios veterinarios\",\"item\":\"https:\\\/\\\/clearvieweasley.com\\\/es\\\/servicios-veterinarios\\\/\"},{\"@type\":\"ListItem\",\"position\":3,\"name\":\"Cuidado en la etapa final de la vida\"}]},{\"@type\":\"WebSite\",\"@id\":\"https:\\\/\\\/clearvieweasley.com\\\/es\\\/#website\",\"url\":\"https:\\\/\\\/clearvieweasley.com\\\/es\\\/\",\"name\":\"Clearview Animal Hospital\",\"description\":\"The Animal Hospital with a heart for the Upstate!\",\"publisher\":{\"@id\":\"https:\\\/\\\/clearvieweasley.com\\\/es\\\/#organization\"},\"potentialAction\":[{\"@type\":\"SearchAction\",\"target\":{\"@type\":\"EntryPoint\",\"urlTemplate\":\"https:\\\/\\\/clearvieweasley.com\\\/es\\\/?s={search_term_string}\"},\"query-input\":{\"@type\":\"PropertyValueSpecification\",\"valueRequired\":true,\"valueName\":\"search_term_string\"}}],\"inLanguage\":\"es\"},{\"@type\":\"Organization\",\"@id\":\"https:\\\/\\\/clearvieweasley.com\\\/es\\\/#organization\",\"name\":\"Clearview Animal Hospital\",\"url\":\"https:\\\/\\\/clearvieweasley.com\\\/es\\\/\",\"logo\":{\"@type\":\"ImageObject\",\"inLanguage\":\"es\",\"@id\":\"https:\\\/\\\/clearvieweasley.com\\\/es\\\/#\\\/schema\\\/logo\\\/image\\\/\",\"url\":\"http:\\\/\\\/clearvieweasley.com\\\/wp-content\\\/uploads\\\/2022\\\/08\\\/clearview-animal-hospital-easley.png\",\"contentUrl\":\"http:\\\/\\\/clearvieweasley.com\\\/wp-content\\\/uploads\\\/2022\\\/08\\\/clearview-animal-hospital-easley.png\",\"width\":1200,\"height\":304,\"caption\":\"Clearview Animal Hospital\"},\"image\":{\"@id\":\"https:\\\/\\\/clearvieweasley.com\\\/es\\\/#\\\/schema\\\/logo\\\/image\\\/\"},\"sameAs\":[\"https:\\\/\\\/www.facebook.com\\\/clearviewanimalhospitalSC\"]}]}<\/script>\n<!-- \/ Yoast SEO plugin. -->","yoast_head_json":{"title":"Cuidado en la etapa final de la vida - Clearview Animal Hospital","description":"En momentos dif\u00edciles en los que deba tomar decisiones sobre el cuidado al final de la vida de su mascota, sepa que el veterinario y el personal de Clearview est\u00e1n aqu\u00ed para apoyarlo, sabemos que no es una decisi\u00f3n facil.","robots":{"index":"index","follow":"follow","max-snippet":"max-snippet:-1","max-image-preview":"max-image-preview:large","max-video-preview":"max-video-preview:-1"},"canonical":"https:\/\/clearvieweasley.com\/es\/servicios-veterinarios\/cuidado-en-la-etapa-final-de-la-vida\/","og_locale":"es_ES","og_type":"article","og_title":"Cuidado en la etapa final de la vida - Clearview Animal Hospital","og_description":"En momentos dif\u00edciles en los que deba tomar decisiones sobre el cuidado al final de la vida de su mascota, sepa que el veterinario y el personal de Clearview est\u00e1n aqu\u00ed para apoyarlo, sabemos que no es una decisi\u00f3n facil.","og_url":"https:\/\/clearvieweasley.com\/es\/servicios-veterinarios\/cuidado-en-la-etapa-final-de-la-vida\/","og_site_name":"Clearview Animal Hospital","article_publisher":"https:\/\/www.facebook.com\/clearviewanimalhospitalSC","article_modified_time":"2024-06-05T16:50:33+00:00","og_image":[{"width":1200,"height":624,"url":"https:\/\/clearvieweasley.com\/wp-content\/uploads\/2024\/03\/end-of-life-alt.jpg","type":"image\/jpeg"}],"twitter_card":"summary_large_image","twitter_misc":{"Tiempo de lectura":"1 minuto"},"schema":{"@context":"https:\/\/schema.org","@graph":[{"@type":"WebPage","@id":"https:\/\/clearvieweasley.com\/es\/servicios-veterinarios\/cuidado-en-la-etapa-final-de-la-vida\/","url":"https:\/\/clearvieweasley.com\/es\/servicios-veterinarios\/cuidado-en-la-etapa-final-de-la-vida\/","name":"Cuidado en la etapa final de la vida - Clearview Animal Hospital","isPartOf":{"@id":"https:\/\/clearvieweasley.com\/es\/#website"},"primaryImageOfPage":{"@id":"https:\/\/clearvieweasley.com\/es\/servicios-veterinarios\/cuidado-en-la-etapa-final-de-la-vida\/#primaryimage"},"image":{"@id":"https:\/\/clearvieweasley.com\/es\/servicios-veterinarios\/cuidado-en-la-etapa-final-de-la-vida\/#primaryimage"},"thumbnailUrl":"https:\/\/clearvieweasley.com\/wp-content\/uploads\/2024\/03\/end-of-life-alt.jpg","datePublished":"2024-03-26T14:33:28+00:00","dateModified":"2024-06-05T16:50:33+00:00","description":"En momentos dif\u00edciles en los que deba tomar decisiones sobre el cuidado al final de la vida de su mascota, sepa que el veterinario y el personal de Clearview est\u00e1n aqu\u00ed para apoyarlo, sabemos que no es una decisi\u00f3n facil.","breadcrumb":{"@id":"https:\/\/clearvieweasley.com\/es\/servicios-veterinarios\/cuidado-en-la-etapa-final-de-la-vida\/#breadcrumb"},"inLanguage":"es","potentialAction":[{"@type":"ReadAction","target":["https:\/\/clearvieweasley.com\/es\/servicios-veterinarios\/cuidado-en-la-etapa-final-de-la-vida\/"]}]},{"@type":"ImageObject","inLanguage":"es","@id":"https:\/\/clearvieweasley.com\/es\/servicios-veterinarios\/cuidado-en-la-etapa-final-de-la-vida\/#primaryimage","url":"https:\/\/clearvieweasley.com\/wp-content\/uploads\/2024\/03\/end-of-life-alt.jpg","contentUrl":"https:\/\/clearvieweasley.com\/wp-content\/uploads\/2024\/03\/end-of-life-alt.jpg","width":1200,"height":624},{"@type":"BreadcrumbList","@id":"https:\/\/clearvieweasley.com\/es\/servicios-veterinarios\/cuidado-en-la-etapa-final-de-la-vida\/#breadcrumb","itemListElement":[{"@type":"ListItem","position":1,"name":"Home","item":"https:\/\/clearvieweasley.com\/es\/hogar\/"},{"@type":"ListItem","position":2,"name":"Servicios veterinarios","item":"https:\/\/clearvieweasley.com\/es\/servicios-veterinarios\/"},{"@type":"ListItem","position":3,"name":"Cuidado en la etapa final de la vida"}]},{"@type":"WebSite","@id":"https:\/\/clearvieweasley.com\/es\/#website","url":"https:\/\/clearvieweasley.com\/es\/","name":"Clearview Animal Hospital","description":"The Animal Hospital with a heart for the Upstate!","publisher":{"@id":"https:\/\/clearvieweasley.com\/es\/#organization"},"potentialAction":[{"@type":"SearchAction","target":{"@type":"EntryPoint","urlTemplate":"https:\/\/clearvieweasley.com\/es\/?s={search_term_string}"},"query-input":{"@type":"PropertyValueSpecification","valueRequired":true,"valueName":"search_term_string"}}],"inLanguage":"es"},{"@type":"Organization","@id":"https:\/\/clearvieweasley.com\/es\/#organization","name":"Clearview Animal Hospital","url":"https:\/\/clearvieweasley.com\/es\/","logo":{"@type":"ImageObject","inLanguage":"es","@id":"https:\/\/clearvieweasley.com\/es\/#\/schema\/logo\/image\/","url":"http:\/\/clearvieweasley.com\/wp-content\/uploads\/2022\/08\/clearview-animal-hospital-easley.png","contentUrl":"http:\/\/clearvieweasley.com\/wp-content\/uploads\/2022\/08\/clearview-animal-hospital-easley.png","width":1200,"height":304,"caption":"Clearview Animal Hospital"},"image":{"@id":"https:\/\/clearvieweasley.com\/es\/#\/schema\/logo\/image\/"},"sameAs":["https:\/\/www.facebook.com\/clearviewanimalhospitalSC"]}]}},"meta_box":[],"_links":{"self":[{"href":"https:\/\/clearvieweasley.com\/es\/wp-json\/wp\/v2\/pages\/752","targetHints":{"allow":["GET"]}}],"collection":[{"href":"https:\/\/clearvieweasley.com\/es\/wp-json\/wp\/v2\/pages"}],"about":[{"href":"https:\/\/clearvieweasley.com\/es\/wp-json\/wp\/v2\/types\/page"}],"author":[{"embeddable":true,"href":"https:\/\/clearvieweasley.com\/es\/wp-json\/wp\/v2\/users\/1"}],"replies":[{"embeddable":true,"href":"https:\/\/clearvieweasley.com\/es\/wp-json\/wp\/v2\/comments?post=752"}],"version-history":[{"count":1,"href":"https:\/\/clearvieweasley.com\/es\/wp-json\/wp\/v2\/pages\/752\/revisions"}],"predecessor-version":[{"id":753,"href":"https:\/\/clearvieweasley.com\/es\/wp-json\/wp\/v2\/pages\/752\/revisions\/753"}],"up":[{"embeddable":true,"href":"https:\/\/clearvieweasley.com\/es\/wp-json\/wp\/v2\/pages\/769"}],"wp:featuredmedia":[{"embeddable":true,"href":"https:\/\/clearvieweasley.com\/es\/wp-json\/wp\/v2\/media\/730"}],"wp:attachment":[{"href":"https:\/\/clearvieweasley.com\/es\/wp-json\/wp\/v2\/media?parent=752"}],"curies":[{"name":"wp","href":"https:\/\/api.w.org\/{rel}","templated":true}]}}