{"id":758,"date":"2024-03-26T10:22:19","date_gmt":"2024-03-26T14:22:19","guid":{"rendered":"https:\/\/clearvieweasley.com\/nutricion-para-tu-mascota\/"},"modified":"2024-06-05T12:50:32","modified_gmt":"2024-06-05T16:50:32","slug":"nutricion-para-tu-mascota","status":"publish","type":"page","link":"https:\/\/clearvieweasley.com\/es\/servicios-veterinarios\/nutricion-para-tu-mascota\/","title":{"rendered":"Nutricion para tu Mascota"},"content":{"rendered":"\t\t<div data-elementor-type=\"wp-page\" data-elementor-id=\"758\" class=\"elementor elementor-758 elementor-545\" data-elementor-post-type=\"page\">\n\t\t\t\t\t\t<section class=\"elementor-section elementor-top-section elementor-element elementor-element-78b8ebca elementor-section-height-min-height elementor-section-boxed elementor-section-height-default elementor-section-items-middle\" data-id=\"78b8ebca\" data-element_type=\"section\" data-e-type=\"section\" data-settings=\"{&quot;background_background&quot;:&quot;classic&quot;}\">\n\t\t\t\t\t\t\t<div class=\"elementor-background-overlay\"><\/div>\n\t\t\t\t\t\t\t<div class=\"elementor-container elementor-column-gap-default\">\n\t\t\t\t\t<div class=\"elementor-column elementor-col-100 elementor-top-column elementor-element elementor-element-2bd9dedf\" data-id=\"2bd9dedf\" data-element_type=\"column\" data-e-type=\"column\">\n\t\t\t<div class=\"elementor-widget-wrap elementor-element-populated\">\n\t\t\t\t\t\t<div class=\"elementor-element elementor-element-450912ce elementor-widget elementor-widget-spacer\" data-id=\"450912ce\" data-element_type=\"widget\" data-e-type=\"widget\" data-widget_type=\"spacer.default\">\n\t\t\t\t<div class=\"elementor-widget-container\">\n\t\t\t\t\t\t\t<div class=\"elementor-spacer\">\n\t\t\t<div class=\"elementor-spacer-inner\"><\/div>\n\t\t<\/div>\n\t\t\t\t\t\t<\/div>\n\t\t\t\t<\/div>\n\t\t\t\t\t<\/div>\n\t\t<\/div>\n\t\t\t\t\t<\/div>\n\t\t<\/section>\n\t\t\t\t<section class=\"elementor-section elementor-top-section elementor-element elementor-element-5ace0dcf elementor-section-boxed elementor-section-height-default elementor-section-height-default\" data-id=\"5ace0dcf\" data-element_type=\"section\" data-e-type=\"section\">\n\t\t\t\t\t\t<div class=\"elementor-container elementor-column-gap-default\">\n\t\t\t\t\t<div class=\"elementor-column elementor-col-100 elementor-top-column elementor-element elementor-element-3c078b69\" data-id=\"3c078b69\" data-element_type=\"column\" data-e-type=\"column\">\n\t\t\t<div class=\"elementor-widget-wrap elementor-element-populated\">\n\t\t\t\t\t\t<div class=\"elementor-element elementor-element-7a6d4d08 elementor-widget elementor-widget-heading\" data-id=\"7a6d4d08\" data-element_type=\"widget\" data-e-type=\"widget\" data-widget_type=\"heading.default\">\n\t\t\t\t<div class=\"elementor-widget-container\">\n\t\t\t\t\t<h1 class=\"elementor-heading-title elementor-size-default\">Nutricion para tu Mascota <\/h1>\t\t\t\t<\/div>\n\t\t\t\t<\/div>\n\t\t\t\t<div class=\"elementor-element elementor-element-47a42af1 elementor-widget elementor-widget-heading\" data-id=\"47a42af1\" data-element_type=\"widget\" data-e-type=\"widget\" data-widget_type=\"heading.default\">\n\t\t\t\t<div class=\"elementor-widget-container\">\n\t\t\t\t\t<h4 class=\"elementor-heading-title elementor-size-default\">Alimentos Saludables para Mascotas Cerca de Easley, SC<\/h4>\t\t\t\t<\/div>\n\t\t\t\t<\/div>\n\t\t\t\t\t<\/div>\n\t\t<\/div>\n\t\t\t\t\t<\/div>\n\t\t<\/section>\n\t\t\t\t<section class=\"elementor-section elementor-top-section elementor-element elementor-element-3f622269 elementor-section-boxed elementor-section-height-default elementor-section-height-default\" data-id=\"3f622269\" data-element_type=\"section\" data-e-type=\"section\">\n\t\t\t\t\t\t<div class=\"elementor-container elementor-column-gap-default\">\n\t\t\t\t\t<div class=\"elementor-column elementor-col-50 elementor-top-column elementor-element elementor-element-38808ccf\" data-id=\"38808ccf\" data-element_type=\"column\" data-e-type=\"column\">\n\t\t\t<div class=\"elementor-widget-wrap elementor-element-populated\">\n\t\t\t\t\t\t<div class=\"elementor-element elementor-element-6d4977bc elementor-widget elementor-widget-text-editor\" data-id=\"6d4977bc\" data-element_type=\"widget\" data-e-type=\"widget\" data-widget_type=\"text-editor.default\">\n\t\t\t\t<div class=\"elementor-widget-container\">\n\t\t\t\t\t\t\t\t\t<p>Garantizar la salud de tu mascota comienza con una alimentaci\u00f3n adecuada y equilibrada. En Clearview, nuestro equipo considera factores como la raza, la edad, el estilo de vida, las alergias y el historial m\u00e9dico para adaptar un plan de nutrici\u00f3n para su amigo peludo. Juntos, seleccionaremos una dieta de alta calidad y completa que se adapte a las necesidades y gustos \u00fanicos de su mascota. Con innumerables opciones de alimentos disponibles y diferentes requisitos nutricionales seg\u00fan la edad y el estado de salud, nuestro equipo est\u00e1 dedicado a guiarlo para que tome decisiones informadas. Ya sea que se trate de problemas con el peso de. tu mascota, problemas digestivos, salud card\u00edaca o problemas urinarios, estamos equipados para ofrecer recomendaciones de comidas personalizadas. Desde cachorros muy activos hasta adultos maduros y acompa\u00f1antes de tercera edad, nuestro personal brinda consejos precisos para seleccionar opciones de alimentos balanceados y seguros.<\/p>\n\t\t\t\t\t\t\t\t<\/div>\n\t\t\t\t<\/div>\n\t\t\t\t\t<\/div>\n\t\t<\/div>\n\t\t\t\t<div class=\"elementor-column elementor-col-50 elementor-top-column elementor-element elementor-element-5f6a41b\" data-id=\"5f6a41b\" data-element_type=\"column\" data-e-type=\"column\" data-settings=\"{&quot;background_background&quot;:&quot;classic&quot;}\">\n\t\t\t<div class=\"elementor-widget-wrap elementor-element-populated\">\n\t\t\t\t\t\t<section class=\"elementor-section elementor-inner-section elementor-element elementor-element-7ed9457d elementor-section-boxed elementor-section-height-default elementor-section-height-default\" data-id=\"7ed9457d\" data-element_type=\"section\" data-e-type=\"section\">\n\t\t\t\t\t\t<div class=\"elementor-container elementor-column-gap-default\">\n\t\t\t\t\t<div class=\"elementor-column elementor-col-100 elementor-inner-column elementor-element elementor-element-3d50a2fc\" data-id=\"3d50a2fc\" data-element_type=\"column\" data-e-type=\"column\" data-settings=\"{&quot;background_background&quot;:&quot;classic&quot;}\">\n\t\t\t<div class=\"elementor-widget-wrap elementor-element-populated\">\n\t\t\t\t\t\t<div class=\"elementor-element elementor-element-5406113a elementor-widget elementor-widget-heading\" data-id=\"5406113a\" data-element_type=\"widget\" data-e-type=\"widget\" data-widget_type=\"heading.default\">\n\t\t\t\t<div class=\"elementor-widget-container\">\n\t\t\t\t\t<h2 class=\"elementor-heading-title elementor-size-default\">Agenda una Cita<\/h2>\t\t\t\t<\/div>\n\t\t\t\t<\/div>\n\t\t\t\t<div class=\"elementor-element elementor-element-11a9ea6b elementor-widget elementor-widget-heading\" data-id=\"11a9ea6b\" data-element_type=\"widget\" data-e-type=\"widget\" data-widget_type=\"heading.default\">\n\t\t\t\t<div class=\"elementor-widget-container\">\n\t\t\t\t\t<h4 class=\"elementor-heading-title elementor-size-default\">Estamos aceptando nuevos clientes<\/h4>\t\t\t\t<\/div>\n\t\t\t\t<\/div>\n\t\t\t\t<div class=\"elementor-element elementor-element-5d770a18 elementor-widget elementor-widget-spacer\" data-id=\"5d770a18\" data-element_type=\"widget\" data-e-type=\"widget\" data-widget_type=\"spacer.default\">\n\t\t\t\t<div class=\"elementor-widget-container\">\n\t\t\t\t\t\t\t<div class=\"elementor-spacer\">\n\t\t\t<div class=\"elementor-spacer-inner\"><\/div>\n\t\t<\/div>\n\t\t\t\t\t\t<\/div>\n\t\t\t\t<\/div>\n\t\t\t\t<div class=\"elementor-element elementor-element-4b4065d elementor-align-left elementor-mobile-align-justify elementor-widget__width-auto elementor-widget-mobile__width-inherit elementor-tablet-align-justify elementor-widget-tablet__width-inherit elementor-widget elementor-widget-button\" data-id=\"4b4065d\" data-element_type=\"widget\" data-e-type=\"widget\" data-widget_type=\"button.default\">\n\t\t\t\t<div class=\"elementor-widget-container\">\n\t\t\t\t\t\t\t\t\t<div class=\"elementor-button-wrapper\">\n\t\t\t\t\t<a class=\"elementor-button elementor-button-link elementor-size-sm\" href=\"#appointment\">\n\t\t\t\t\t\t<span class=\"elementor-button-content-wrapper\">\n\t\t\t\t\t\t\t\t\t<span class=\"elementor-button-text\">Agendar cita<\/span>\n\t\t\t\t\t<\/span>\n\t\t\t\t\t<\/a>\n\t\t\t\t<\/div>\n\t\t\t\t\t\t\t\t<\/div>\n\t\t\t\t<\/div>\n\t\t\t\t<div class=\"elementor-element elementor-element-7f8be7e1 elementor-align-left elementor-mobile-align-justify elementor-widget__width-auto elementor-widget-mobile__width-inherit elementor-tablet-align-justify elementor-widget-tablet__width-inherit elementor-widget elementor-widget-button\" data-id=\"7f8be7e1\" data-element_type=\"widget\" data-e-type=\"widget\" data-widget_type=\"button.default\">\n\t\t\t\t<div class=\"elementor-widget-container\">\n\t\t\t\t\t\t\t\t\t<div class=\"elementor-button-wrapper\">\n\t\t\t\t\t<a class=\"elementor-button elementor-button-link elementor-size-sm\" href=\"tel:864-442-6192\" target=\"_blank\">\n\t\t\t\t\t\t<span class=\"elementor-button-content-wrapper\">\n\t\t\t\t\t\t\t\t\t<span class=\"elementor-button-text\">Llama al: (864) 442-6192<\/span>\n\t\t\t\t\t<\/span>\n\t\t\t\t\t<\/a>\n\t\t\t\t<\/div>\n\t\t\t\t\t\t\t\t<\/div>\n\t\t\t\t<\/div>\n\t\t\t\t\t<\/div>\n\t\t<\/div>\n\t\t\t\t\t<\/div>\n\t\t<\/section>\n\t\t\t\t<div class=\"elementor-element elementor-element-192228c2 elementor-widget elementor-widget-spacer\" data-id=\"192228c2\" data-element_type=\"widget\" data-e-type=\"widget\" data-widget_type=\"spacer.default\">\n\t\t\t\t<div class=\"elementor-widget-container\">\n\t\t\t\t\t\t\t<div class=\"elementor-spacer\">\n\t\t\t<div class=\"elementor-spacer-inner\"><\/div>\n\t\t<\/div>\n\t\t\t\t\t\t<\/div>\n\t\t\t\t<\/div>\n\t\t\t\t\t<\/div>\n\t\t<\/div>\n\t\t\t\t\t<\/div>\n\t\t<\/section>\n\t\t\t\t<\/div>\n\t\t","protected":false},"excerpt":{"rendered":"<p>Nutricion para tu Mascota Alimentos Saludables para Mascotas Cerca de Easley, SC Garantizar la salud de tu mascota comienza con una alimentaci\u00f3n adecuada y equilibrada. En Clearview, nuestro equipo considera factores como la raza, la edad, el estilo de vida, las alergias y el historial m\u00e9dico para adaptar un plan de nutrici\u00f3n para su amigo [&hellip;]<\/p>\n","protected":false},"author":1,"featured_media":726,"parent":769,"menu_order":0,"comment_status":"closed","ping_status":"closed","template":"","meta":{"footnotes":""},"class_list":["post-758","page","type-page","status-publish","has-post-thumbnail","hentry"],"yoast_head":"<!-- This site is optimized with the Yoast SEO plugin v27.4 - https:\/\/yoast.com\/product\/yoast-seo-wordpress\/ -->\n<title>Nutricion para tu Mascota - Clearview Animal Hospital<\/title>\n<meta name=\"description\" content=\"Ya sea que se trate de problemas con el peso de tu mascota, problemas digestivos, salud card\u00edaca o problemas urinarios, estamos equipados para ofrecer recomendaciones de comidas personalizadas.\" \/>\n<meta name=\"robots\" content=\"index, follow, max-snippet:-1, max-image-preview:large, max-video-preview:-1\" \/>\n<link rel=\"canonical\" href=\"https:\/\/clearvieweasley.com\/es\/servicios-veterinarios\/nutricion-para-tu-mascota\/\" \/>\n<meta property=\"og:locale\" content=\"es_ES\" \/>\n<meta property=\"og:type\" content=\"article\" \/>\n<meta property=\"og:title\" content=\"Nutricion para tu Mascota - Clearview Animal Hospital\" \/>\n<meta property=\"og:description\" content=\"Ya sea que se trate de problemas con el peso de tu mascota, problemas digestivos, salud card\u00edaca o problemas urinarios, estamos equipados para ofrecer recomendaciones de comidas personalizadas.\" \/>\n<meta property=\"og:url\" content=\"https:\/\/clearvieweasley.com\/es\/servicios-veterinarios\/nutricion-para-tu-mascota\/\" \/>\n<meta property=\"og:site_name\" content=\"Clearview Animal Hospital\" \/>\n<meta property=\"article:publisher\" content=\"https:\/\/www.facebook.com\/clearviewanimalhospitalSC\" \/>\n<meta property=\"article:modified_time\" content=\"2024-06-05T16:50:32+00:00\" \/>\n<meta property=\"og:image\" content=\"https:\/\/clearvieweasley.com\/wp-content\/uploads\/2024\/03\/pet-nutrition.jpg\" \/>\n\t<meta property=\"og:image:width\" content=\"1200\" \/>\n\t<meta property=\"og:image:height\" content=\"624\" \/>\n\t<meta property=\"og:image:type\" content=\"image\/jpeg\" \/>\n<meta name=\"twitter:card\" content=\"summary_large_image\" \/>\n<meta name=\"twitter:label1\" content=\"Tiempo de lectura\" \/>\n\t<meta name=\"twitter:data1\" content=\"1 minuto\" \/>\n<script type=\"application\/ld+json\" class=\"yoast-schema-graph\">{\"@context\":\"https:\\\/\\\/schema.org\",\"@graph\":[{\"@type\":\"WebPage\",\"@id\":\"https:\\\/\\\/clearvieweasley.com\\\/es\\\/servicios-veterinarios\\\/nutricion-para-tu-mascota\\\/\",\"url\":\"https:\\\/\\\/clearvieweasley.com\\\/es\\\/servicios-veterinarios\\\/nutricion-para-tu-mascota\\\/\",\"name\":\"Nutricion para tu Mascota - Clearview Animal Hospital\",\"isPartOf\":{\"@id\":\"https:\\\/\\\/clearvieweasley.com\\\/es\\\/#website\"},\"primaryImageOfPage\":{\"@id\":\"https:\\\/\\\/clearvieweasley.com\\\/es\\\/servicios-veterinarios\\\/nutricion-para-tu-mascota\\\/#primaryimage\"},\"image\":{\"@id\":\"https:\\\/\\\/clearvieweasley.com\\\/es\\\/servicios-veterinarios\\\/nutricion-para-tu-mascota\\\/#primaryimage\"},\"thumbnailUrl\":\"https:\\\/\\\/clearvieweasley.com\\\/wp-content\\\/uploads\\\/2024\\\/03\\\/pet-nutrition.jpg\",\"datePublished\":\"2024-03-26T14:22:19+00:00\",\"dateModified\":\"2024-06-05T16:50:32+00:00\",\"description\":\"Ya sea que se trate de problemas con el peso de tu mascota, problemas digestivos, salud card\u00edaca o problemas urinarios, estamos equipados para ofrecer recomendaciones de comidas personalizadas.\",\"breadcrumb\":{\"@id\":\"https:\\\/\\\/clearvieweasley.com\\\/es\\\/servicios-veterinarios\\\/nutricion-para-tu-mascota\\\/#breadcrumb\"},\"inLanguage\":\"es\",\"potentialAction\":[{\"@type\":\"ReadAction\",\"target\":[\"https:\\\/\\\/clearvieweasley.com\\\/es\\\/servicios-veterinarios\\\/nutricion-para-tu-mascota\\\/\"]}]},{\"@type\":\"ImageObject\",\"inLanguage\":\"es\",\"@id\":\"https:\\\/\\\/clearvieweasley.com\\\/es\\\/servicios-veterinarios\\\/nutricion-para-tu-mascota\\\/#primaryimage\",\"url\":\"https:\\\/\\\/clearvieweasley.com\\\/wp-content\\\/uploads\\\/2024\\\/03\\\/pet-nutrition.jpg\",\"contentUrl\":\"https:\\\/\\\/clearvieweasley.com\\\/wp-content\\\/uploads\\\/2024\\\/03\\\/pet-nutrition.jpg\",\"width\":1200,\"height\":624},{\"@type\":\"BreadcrumbList\",\"@id\":\"https:\\\/\\\/clearvieweasley.com\\\/es\\\/servicios-veterinarios\\\/nutricion-para-tu-mascota\\\/#breadcrumb\",\"itemListElement\":[{\"@type\":\"ListItem\",\"position\":1,\"name\":\"Home\",\"item\":\"https:\\\/\\\/clearvieweasley.com\\\/es\\\/hogar\\\/\"},{\"@type\":\"ListItem\",\"position\":2,\"name\":\"Servicios veterinarios\",\"item\":\"https:\\\/\\\/clearvieweasley.com\\\/es\\\/servicios-veterinarios\\\/\"},{\"@type\":\"ListItem\",\"position\":3,\"name\":\"Nutricion para tu Mascota\"}]},{\"@type\":\"WebSite\",\"@id\":\"https:\\\/\\\/clearvieweasley.com\\\/es\\\/#website\",\"url\":\"https:\\\/\\\/clearvieweasley.com\\\/es\\\/\",\"name\":\"Clearview Animal Hospital\",\"description\":\"The Animal Hospital with a heart for the Upstate!\",\"publisher\":{\"@id\":\"https:\\\/\\\/clearvieweasley.com\\\/es\\\/#organization\"},\"potentialAction\":[{\"@type\":\"SearchAction\",\"target\":{\"@type\":\"EntryPoint\",\"urlTemplate\":\"https:\\\/\\\/clearvieweasley.com\\\/es\\\/?s={search_term_string}\"},\"query-input\":{\"@type\":\"PropertyValueSpecification\",\"valueRequired\":true,\"valueName\":\"search_term_string\"}}],\"inLanguage\":\"es\"},{\"@type\":\"Organization\",\"@id\":\"https:\\\/\\\/clearvieweasley.com\\\/es\\\/#organization\",\"name\":\"Clearview Animal Hospital\",\"url\":\"https:\\\/\\\/clearvieweasley.com\\\/es\\\/\",\"logo\":{\"@type\":\"ImageObject\",\"inLanguage\":\"es\",\"@id\":\"https:\\\/\\\/clearvieweasley.com\\\/es\\\/#\\\/schema\\\/logo\\\/image\\\/\",\"url\":\"http:\\\/\\\/clearvieweasley.com\\\/wp-content\\\/uploads\\\/2022\\\/08\\\/clearview-animal-hospital-easley.png\",\"contentUrl\":\"http:\\\/\\\/clearvieweasley.com\\\/wp-content\\\/uploads\\\/2022\\\/08\\\/clearview-animal-hospital-easley.png\",\"width\":1200,\"height\":304,\"caption\":\"Clearview Animal Hospital\"},\"image\":{\"@id\":\"https:\\\/\\\/clearvieweasley.com\\\/es\\\/#\\\/schema\\\/logo\\\/image\\\/\"},\"sameAs\":[\"https:\\\/\\\/www.facebook.com\\\/clearviewanimalhospitalSC\"]}]}<\/script>\n<!-- \/ Yoast SEO plugin. -->","yoast_head_json":{"title":"Nutricion para tu Mascota - Clearview Animal Hospital","description":"Ya sea que se trate de problemas con el peso de tu mascota, problemas digestivos, salud card\u00edaca o problemas urinarios, estamos equipados para ofrecer recomendaciones de comidas personalizadas.","robots":{"index":"index","follow":"follow","max-snippet":"max-snippet:-1","max-image-preview":"max-image-preview:large","max-video-preview":"max-video-preview:-1"},"canonical":"https:\/\/clearvieweasley.com\/es\/servicios-veterinarios\/nutricion-para-tu-mascota\/","og_locale":"es_ES","og_type":"article","og_title":"Nutricion para tu Mascota - Clearview Animal Hospital","og_description":"Ya sea que se trate de problemas con el peso de tu mascota, problemas digestivos, salud card\u00edaca o problemas urinarios, estamos equipados para ofrecer recomendaciones de comidas personalizadas.","og_url":"https:\/\/clearvieweasley.com\/es\/servicios-veterinarios\/nutricion-para-tu-mascota\/","og_site_name":"Clearview Animal Hospital","article_publisher":"https:\/\/www.facebook.com\/clearviewanimalhospitalSC","article_modified_time":"2024-06-05T16:50:32+00:00","og_image":[{"width":1200,"height":624,"url":"https:\/\/clearvieweasley.com\/wp-content\/uploads\/2024\/03\/pet-nutrition.jpg","type":"image\/jpeg"}],"twitter_card":"summary_large_image","twitter_misc":{"Tiempo de lectura":"1 minuto"},"schema":{"@context":"https:\/\/schema.org","@graph":[{"@type":"WebPage","@id":"https:\/\/clearvieweasley.com\/es\/servicios-veterinarios\/nutricion-para-tu-mascota\/","url":"https:\/\/clearvieweasley.com\/es\/servicios-veterinarios\/nutricion-para-tu-mascota\/","name":"Nutricion para tu Mascota - Clearview Animal Hospital","isPartOf":{"@id":"https:\/\/clearvieweasley.com\/es\/#website"},"primaryImageOfPage":{"@id":"https:\/\/clearvieweasley.com\/es\/servicios-veterinarios\/nutricion-para-tu-mascota\/#primaryimage"},"image":{"@id":"https:\/\/clearvieweasley.com\/es\/servicios-veterinarios\/nutricion-para-tu-mascota\/#primaryimage"},"thumbnailUrl":"https:\/\/clearvieweasley.com\/wp-content\/uploads\/2024\/03\/pet-nutrition.jpg","datePublished":"2024-03-26T14:22:19+00:00","dateModified":"2024-06-05T16:50:32+00:00","description":"Ya sea que se trate de problemas con el peso de tu mascota, problemas digestivos, salud card\u00edaca o problemas urinarios, estamos equipados para ofrecer recomendaciones de comidas personalizadas.","breadcrumb":{"@id":"https:\/\/clearvieweasley.com\/es\/servicios-veterinarios\/nutricion-para-tu-mascota\/#breadcrumb"},"inLanguage":"es","potentialAction":[{"@type":"ReadAction","target":["https:\/\/clearvieweasley.com\/es\/servicios-veterinarios\/nutricion-para-tu-mascota\/"]}]},{"@type":"ImageObject","inLanguage":"es","@id":"https:\/\/clearvieweasley.com\/es\/servicios-veterinarios\/nutricion-para-tu-mascota\/#primaryimage","url":"https:\/\/clearvieweasley.com\/wp-content\/uploads\/2024\/03\/pet-nutrition.jpg","contentUrl":"https:\/\/clearvieweasley.com\/wp-content\/uploads\/2024\/03\/pet-nutrition.jpg","width":1200,"height":624},{"@type":"BreadcrumbList","@id":"https:\/\/clearvieweasley.com\/es\/servicios-veterinarios\/nutricion-para-tu-mascota\/#breadcrumb","itemListElement":[{"@type":"ListItem","position":1,"name":"Home","item":"https:\/\/clearvieweasley.com\/es\/hogar\/"},{"@type":"ListItem","position":2,"name":"Servicios veterinarios","item":"https:\/\/clearvieweasley.com\/es\/servicios-veterinarios\/"},{"@type":"ListItem","position":3,"name":"Nutricion para tu Mascota"}]},{"@type":"WebSite","@id":"https:\/\/clearvieweasley.com\/es\/#website","url":"https:\/\/clearvieweasley.com\/es\/","name":"Clearview Animal Hospital","description":"The Animal Hospital with a heart for the Upstate!","publisher":{"@id":"https:\/\/clearvieweasley.com\/es\/#organization"},"potentialAction":[{"@type":"SearchAction","target":{"@type":"EntryPoint","urlTemplate":"https:\/\/clearvieweasley.com\/es\/?s={search_term_string}"},"query-input":{"@type":"PropertyValueSpecification","valueRequired":true,"valueName":"search_term_string"}}],"inLanguage":"es"},{"@type":"Organization","@id":"https:\/\/clearvieweasley.com\/es\/#organization","name":"Clearview Animal Hospital","url":"https:\/\/clearvieweasley.com\/es\/","logo":{"@type":"ImageObject","inLanguage":"es","@id":"https:\/\/clearvieweasley.com\/es\/#\/schema\/logo\/image\/","url":"http:\/\/clearvieweasley.com\/wp-content\/uploads\/2022\/08\/clearview-animal-hospital-easley.png","contentUrl":"http:\/\/clearvieweasley.com\/wp-content\/uploads\/2022\/08\/clearview-animal-hospital-easley.png","width":1200,"height":304,"caption":"Clearview Animal Hospital"},"image":{"@id":"https:\/\/clearvieweasley.com\/es\/#\/schema\/logo\/image\/"},"sameAs":["https:\/\/www.facebook.com\/clearviewanimalhospitalSC"]}]}},"meta_box":[],"_links":{"self":[{"href":"https:\/\/clearvieweasley.com\/es\/wp-json\/wp\/v2\/pages\/758","targetHints":{"allow":["GET"]}}],"collection":[{"href":"https:\/\/clearvieweasley.com\/es\/wp-json\/wp\/v2\/pages"}],"about":[{"href":"https:\/\/clearvieweasley.com\/es\/wp-json\/wp\/v2\/types\/page"}],"author":[{"embeddable":true,"href":"https:\/\/clearvieweasley.com\/es\/wp-json\/wp\/v2\/users\/1"}],"replies":[{"embeddable":true,"href":"https:\/\/clearvieweasley.com\/es\/wp-json\/wp\/v2\/comments?post=758"}],"version-history":[{"count":1,"href":"https:\/\/clearvieweasley.com\/es\/wp-json\/wp\/v2\/pages\/758\/revisions"}],"predecessor-version":[{"id":759,"href":"https:\/\/clearvieweasley.com\/es\/wp-json\/wp\/v2\/pages\/758\/revisions\/759"}],"up":[{"embeddable":true,"href":"https:\/\/clearvieweasley.com\/es\/wp-json\/wp\/v2\/pages\/769"}],"wp:featuredmedia":[{"embeddable":true,"href":"https:\/\/clearvieweasley.com\/es\/wp-json\/wp\/v2\/media\/726"}],"wp:attachment":[{"href":"https:\/\/clearvieweasley.com\/es\/wp-json\/wp\/v2\/media?parent=758"}],"curies":[{"name":"wp","href":"https:\/\/api.w.org\/{rel}","templated":true}]}}