{"id":775,"date":"2024-03-26T09:53:44","date_gmt":"2024-03-26T13:53:44","guid":{"rendered":"https:\/\/clearvieweasley.com\/servicios-veterinarios\/bienestar-y-medicina-preventiva\/"},"modified":"2024-06-05T13:02:58","modified_gmt":"2024-06-05T17:02:58","slug":"bienestar-y-medicina-preventiva","status":"publish","type":"page","link":"https:\/\/clearvieweasley.com\/es\/servicios-veterinarios\/bienestar-y-medicina-preventiva\/","title":{"rendered":"Bienestar y Medicina preventiva"},"content":{"rendered":"\t\t<div data-elementor-type=\"wp-page\" data-elementor-id=\"775\" class=\"elementor elementor-775 elementor-483\" data-elementor-post-type=\"page\">\n\t\t\t\t\t\t<section class=\"elementor-section elementor-top-section elementor-element elementor-element-139c57d elementor-section-height-min-height elementor-section-boxed elementor-section-height-default elementor-section-items-middle\" data-id=\"139c57d\" data-element_type=\"section\" data-e-type=\"section\" data-settings=\"{&quot;background_background&quot;:&quot;classic&quot;}\">\n\t\t\t\t\t\t\t<div class=\"elementor-background-overlay\"><\/div>\n\t\t\t\t\t\t\t<div class=\"elementor-container elementor-column-gap-default\">\n\t\t\t\t\t<div class=\"elementor-column elementor-col-100 elementor-top-column elementor-element elementor-element-13ab46df\" data-id=\"13ab46df\" data-element_type=\"column\" data-e-type=\"column\">\n\t\t\t<div class=\"elementor-widget-wrap elementor-element-populated\">\n\t\t\t\t\t\t<div class=\"elementor-element elementor-element-36ca7d7b elementor-widget elementor-widget-spacer\" data-id=\"36ca7d7b\" data-element_type=\"widget\" data-e-type=\"widget\" data-widget_type=\"spacer.default\">\n\t\t\t\t<div class=\"elementor-widget-container\">\n\t\t\t\t\t\t\t<div class=\"elementor-spacer\">\n\t\t\t<div class=\"elementor-spacer-inner\"><\/div>\n\t\t<\/div>\n\t\t\t\t\t\t<\/div>\n\t\t\t\t<\/div>\n\t\t\t\t\t<\/div>\n\t\t<\/div>\n\t\t\t\t\t<\/div>\n\t\t<\/section>\n\t\t\t\t<section class=\"elementor-section elementor-top-section elementor-element elementor-element-891feb7 elementor-section-boxed elementor-section-height-default elementor-section-height-default\" data-id=\"891feb7\" data-element_type=\"section\" data-e-type=\"section\">\n\t\t\t\t\t\t<div class=\"elementor-container elementor-column-gap-default\">\n\t\t\t\t\t<div class=\"elementor-column elementor-col-100 elementor-top-column elementor-element elementor-element-a90a908\" data-id=\"a90a908\" data-element_type=\"column\" data-e-type=\"column\">\n\t\t\t<div class=\"elementor-widget-wrap elementor-element-populated\">\n\t\t\t\t\t\t<div class=\"elementor-element elementor-element-17b02b0 elementor-widget elementor-widget-heading\" data-id=\"17b02b0\" data-element_type=\"widget\" data-e-type=\"widget\" data-widget_type=\"heading.default\">\n\t\t\t\t<div class=\"elementor-widget-container\">\n\t\t\t\t\t<h1 class=\"elementor-heading-title elementor-size-default\">Bienestar y Medicina preventiva <\/h1>\t\t\t\t<\/div>\n\t\t\t\t<\/div>\n\t\t\t\t<div class=\"elementor-element elementor-element-b649d0a elementor-widget elementor-widget-heading\" data-id=\"b649d0a\" data-element_type=\"widget\" data-e-type=\"widget\" data-widget_type=\"heading.default\">\n\t\t\t\t<div class=\"elementor-widget-container\">\n\t\t\t\t\t<h4 class=\"elementor-heading-title elementor-size-default\">Atenci\u00f3n veterinaria proactiva cerca de Easley, SC<\/h4>\t\t\t\t<\/div>\n\t\t\t\t<\/div>\n\t\t\t\t\t<\/div>\n\t\t<\/div>\n\t\t\t\t\t<\/div>\n\t\t<\/section>\n\t\t\t\t<section class=\"elementor-section elementor-top-section elementor-element elementor-element-91a8443 elementor-section-boxed elementor-section-height-default elementor-section-height-default\" data-id=\"91a8443\" data-element_type=\"section\" data-e-type=\"section\">\n\t\t\t\t\t\t<div class=\"elementor-container elementor-column-gap-default\">\n\t\t\t\t\t<div class=\"elementor-column elementor-col-50 elementor-top-column elementor-element elementor-element-bba903b\" data-id=\"bba903b\" data-element_type=\"column\" data-e-type=\"column\">\n\t\t\t<div class=\"elementor-widget-wrap elementor-element-populated\">\n\t\t\t\t\t\t<div class=\"elementor-element elementor-element-ba76bf6 elementor-widget elementor-widget-text-editor\" data-id=\"ba76bf6\" data-element_type=\"widget\" data-e-type=\"widget\" data-widget_type=\"text-editor.default\">\n\t\t\t\t<div class=\"elementor-widget-container\">\n\t\t\t\t\t\t\t\t\t<p>En Clearview Animal Hospital abogamos por el cuidado proactivo de las mascotas, lo que implica an\u00e1lisis rutinarios como los son el de sangre de forma anual, an\u00e1lisis de heces y pruebas de detecci\u00f3n de la enfermedad del gusano del coraz\u00f3n Nuestros programas de bienestar personalizados est\u00e1n dise\u00f1ados para abordar las necesidades individuales de sus mascotas, teniendo en cuenta factores como la especie, la edad y la raza. A trav\u00e9s de evaluaciones rutinarias, detectamos posibles problemas de salud temprano, promoviendo una prevenci\u00f3n efectiva de enfermedades. Priorizamos las medidas preventivas, ya que ofrecen mayor conveniencia y rentabilidad en comparaci\u00f3n con los tratamientos reactivos. Puede contar con nosotros para recomendar las vacunas y medidas preventivas m\u00e1s adecuadas, dise\u00f1adas espec\u00edficamente para el estilo de vida \u00fanico de sus mascotas.<\/p>\n\t\t\t\t\t\t\t\t<\/div>\n\t\t\t\t<\/div>\n\t\t\t\t\t<\/div>\n\t\t<\/div>\n\t\t\t\t<div class=\"elementor-column elementor-col-50 elementor-top-column elementor-element elementor-element-c0d097f\" data-id=\"c0d097f\" data-element_type=\"column\" data-e-type=\"column\" data-settings=\"{&quot;background_background&quot;:&quot;classic&quot;}\">\n\t\t\t<div class=\"elementor-widget-wrap elementor-element-populated\">\n\t\t\t\t\t\t<section class=\"elementor-section elementor-inner-section elementor-element elementor-element-16f6cc0 elementor-section-boxed elementor-section-height-default elementor-section-height-default\" data-id=\"16f6cc0\" data-element_type=\"section\" data-e-type=\"section\">\n\t\t\t\t\t\t<div class=\"elementor-container elementor-column-gap-default\">\n\t\t\t\t\t<div class=\"elementor-column elementor-col-100 elementor-inner-column elementor-element elementor-element-586a7b0\" data-id=\"586a7b0\" data-element_type=\"column\" data-e-type=\"column\" data-settings=\"{&quot;background_background&quot;:&quot;classic&quot;}\">\n\t\t\t<div class=\"elementor-widget-wrap elementor-element-populated\">\n\t\t\t\t\t\t<div class=\"elementor-element elementor-element-7ed42f85 elementor-widget elementor-widget-heading\" data-id=\"7ed42f85\" data-element_type=\"widget\" data-e-type=\"widget\" data-widget_type=\"heading.default\">\n\t\t\t\t<div class=\"elementor-widget-container\">\n\t\t\t\t\t<h2 class=\"elementor-heading-title elementor-size-default\">Agenda una Cita<\/h2>\t\t\t\t<\/div>\n\t\t\t\t<\/div>\n\t\t\t\t<div class=\"elementor-element elementor-element-17504dfa elementor-widget elementor-widget-heading\" data-id=\"17504dfa\" data-element_type=\"widget\" data-e-type=\"widget\" data-widget_type=\"heading.default\">\n\t\t\t\t<div class=\"elementor-widget-container\">\n\t\t\t\t\t<h4 class=\"elementor-heading-title elementor-size-default\">Estamos aceptando nuevos clientes<\/h4>\t\t\t\t<\/div>\n\t\t\t\t<\/div>\n\t\t\t\t<div class=\"elementor-element elementor-element-4ff31ef elementor-widget elementor-widget-spacer\" data-id=\"4ff31ef\" data-element_type=\"widget\" data-e-type=\"widget\" data-widget_type=\"spacer.default\">\n\t\t\t\t<div class=\"elementor-widget-container\">\n\t\t\t\t\t\t\t<div class=\"elementor-spacer\">\n\t\t\t<div class=\"elementor-spacer-inner\"><\/div>\n\t\t<\/div>\n\t\t\t\t\t\t<\/div>\n\t\t\t\t<\/div>\n\t\t\t\t<div class=\"elementor-element elementor-element-3ae23867 elementor-align-left elementor-mobile-align-justify elementor-widget__width-auto elementor-widget-mobile__width-inherit elementor-tablet-align-justify elementor-widget-tablet__width-inherit elementor-widget elementor-widget-button\" data-id=\"3ae23867\" data-element_type=\"widget\" data-e-type=\"widget\" data-widget_type=\"button.default\">\n\t\t\t\t<div class=\"elementor-widget-container\">\n\t\t\t\t\t\t\t\t\t<div class=\"elementor-button-wrapper\">\n\t\t\t\t\t<a class=\"elementor-button elementor-button-link elementor-size-sm\" href=\"#appointment\">\n\t\t\t\t\t\t<span class=\"elementor-button-content-wrapper\">\n\t\t\t\t\t\t\t\t\t<span class=\"elementor-button-text\">Agendar cita<\/span>\n\t\t\t\t\t<\/span>\n\t\t\t\t\t<\/a>\n\t\t\t\t<\/div>\n\t\t\t\t\t\t\t\t<\/div>\n\t\t\t\t<\/div>\n\t\t\t\t<div class=\"elementor-element elementor-element-dd2fa20 elementor-align-left elementor-mobile-align-justify elementor-widget__width-auto elementor-widget-mobile__width-inherit elementor-tablet-align-justify elementor-widget-tablet__width-inherit elementor-widget elementor-widget-button\" data-id=\"dd2fa20\" data-element_type=\"widget\" data-e-type=\"widget\" data-widget_type=\"button.default\">\n\t\t\t\t<div class=\"elementor-widget-container\">\n\t\t\t\t\t\t\t\t\t<div class=\"elementor-button-wrapper\">\n\t\t\t\t\t<a class=\"elementor-button elementor-button-link elementor-size-sm\" href=\"tel:864-442-6192\" target=\"_blank\">\n\t\t\t\t\t\t<span class=\"elementor-button-content-wrapper\">\n\t\t\t\t\t\t\t\t\t<span class=\"elementor-button-text\">Llama al: (864) 442-6192<\/span>\n\t\t\t\t\t<\/span>\n\t\t\t\t\t<\/a>\n\t\t\t\t<\/div>\n\t\t\t\t\t\t\t\t<\/div>\n\t\t\t\t<\/div>\n\t\t\t\t\t<\/div>\n\t\t<\/div>\n\t\t\t\t\t<\/div>\n\t\t<\/section>\n\t\t\t\t<div class=\"elementor-element elementor-element-e477143 elementor-widget elementor-widget-spacer\" data-id=\"e477143\" data-element_type=\"widget\" data-e-type=\"widget\" data-widget_type=\"spacer.default\">\n\t\t\t\t<div class=\"elementor-widget-container\">\n\t\t\t\t\t\t\t<div class=\"elementor-spacer\">\n\t\t\t<div class=\"elementor-spacer-inner\"><\/div>\n\t\t<\/div>\n\t\t\t\t\t\t<\/div>\n\t\t\t\t<\/div>\n\t\t\t\t\t<\/div>\n\t\t<\/div>\n\t\t\t\t\t<\/div>\n\t\t<\/section>\n\t\t\t\t<\/div>\n\t\t","protected":false},"excerpt":{"rendered":"<p>Bienestar y Medicina preventiva Atenci\u00f3n veterinaria proactiva cerca de Easley, SC En Clearview Animal Hospital abogamos por el cuidado proactivo de las mascotas, lo que implica an\u00e1lisis rutinarios como los son el de sangre de forma anual, an\u00e1lisis de heces y pruebas de detecci\u00f3n de la enfermedad del gusano del coraz\u00f3n Nuestros programas de bienestar [&hellip;]<\/p>\n","protected":false},"author":1,"featured_media":721,"parent":769,"menu_order":0,"comment_status":"closed","ping_status":"closed","template":"","meta":{"footnotes":""},"class_list":["post-775","page","type-page","status-publish","has-post-thumbnail","hentry"],"yoast_head":"<!-- This site is optimized with the Yoast SEO plugin v27.4 - https:\/\/yoast.com\/product\/yoast-seo-wordpress\/ -->\n<title>Bienestar y Medicina preventiva - Clearview Animal Hospital<\/title>\n<meta name=\"description\" content=\"Nuestros programas de bienestar personalizados est\u00e1n dise\u00f1ados para abordar las necesidades individuales de sus mascotas, teniendo en cuenta factores como la especie, la edad y la raza\" \/>\n<meta name=\"robots\" content=\"index, follow, max-snippet:-1, max-image-preview:large, max-video-preview:-1\" \/>\n<link rel=\"canonical\" href=\"https:\/\/clearvieweasley.com\/es\/servicios-veterinarios\/bienestar-y-medicina-preventiva\/\" \/>\n<meta property=\"og:locale\" content=\"es_ES\" \/>\n<meta property=\"og:type\" content=\"article\" \/>\n<meta property=\"og:title\" content=\"Bienestar y Medicina preventiva - Clearview Animal Hospital\" \/>\n<meta property=\"og:description\" content=\"Nuestros programas de bienestar personalizados est\u00e1n dise\u00f1ados para abordar las necesidades individuales de sus mascotas, teniendo en cuenta factores como la especie, la edad y la raza\" \/>\n<meta property=\"og:url\" content=\"https:\/\/clearvieweasley.com\/es\/servicios-veterinarios\/bienestar-y-medicina-preventiva\/\" \/>\n<meta property=\"og:site_name\" content=\"Clearview Animal Hospital\" \/>\n<meta property=\"article:publisher\" content=\"https:\/\/www.facebook.com\/clearviewanimalhospitalSC\" \/>\n<meta property=\"article:modified_time\" content=\"2024-06-05T17:02:58+00:00\" \/>\n<meta property=\"og:image\" content=\"https:\/\/clearvieweasley.com\/wp-content\/uploads\/2024\/03\/general-exams.jpg\" \/>\n\t<meta property=\"og:image:width\" content=\"1200\" \/>\n\t<meta property=\"og:image:height\" content=\"624\" \/>\n\t<meta property=\"og:image:type\" content=\"image\/jpeg\" \/>\n<meta name=\"twitter:card\" content=\"summary_large_image\" \/>\n<meta name=\"twitter:label1\" content=\"Tiempo de lectura\" \/>\n\t<meta name=\"twitter:data1\" content=\"1 minuto\" \/>\n<script type=\"application\/ld+json\" class=\"yoast-schema-graph\">{\"@context\":\"https:\\\/\\\/schema.org\",\"@graph\":[{\"@type\":\"WebPage\",\"@id\":\"https:\\\/\\\/clearvieweasley.com\\\/es\\\/servicios-veterinarios\\\/bienestar-y-medicina-preventiva\\\/\",\"url\":\"https:\\\/\\\/clearvieweasley.com\\\/es\\\/servicios-veterinarios\\\/bienestar-y-medicina-preventiva\\\/\",\"name\":\"Bienestar y Medicina preventiva - Clearview Animal Hospital\",\"isPartOf\":{\"@id\":\"https:\\\/\\\/clearvieweasley.com\\\/es\\\/#website\"},\"primaryImageOfPage\":{\"@id\":\"https:\\\/\\\/clearvieweasley.com\\\/es\\\/servicios-veterinarios\\\/bienestar-y-medicina-preventiva\\\/#primaryimage\"},\"image\":{\"@id\":\"https:\\\/\\\/clearvieweasley.com\\\/es\\\/servicios-veterinarios\\\/bienestar-y-medicina-preventiva\\\/#primaryimage\"},\"thumbnailUrl\":\"https:\\\/\\\/clearvieweasley.com\\\/wp-content\\\/uploads\\\/2024\\\/03\\\/general-exams.jpg\",\"datePublished\":\"2024-03-26T13:53:44+00:00\",\"dateModified\":\"2024-06-05T17:02:58+00:00\",\"description\":\"Nuestros programas de bienestar personalizados est\u00e1n dise\u00f1ados para abordar las necesidades individuales de sus mascotas, teniendo en cuenta factores como la especie, la edad y la raza\",\"breadcrumb\":{\"@id\":\"https:\\\/\\\/clearvieweasley.com\\\/es\\\/servicios-veterinarios\\\/bienestar-y-medicina-preventiva\\\/#breadcrumb\"},\"inLanguage\":\"es\",\"potentialAction\":[{\"@type\":\"ReadAction\",\"target\":[\"https:\\\/\\\/clearvieweasley.com\\\/es\\\/servicios-veterinarios\\\/bienestar-y-medicina-preventiva\\\/\"]}]},{\"@type\":\"ImageObject\",\"inLanguage\":\"es\",\"@id\":\"https:\\\/\\\/clearvieweasley.com\\\/es\\\/servicios-veterinarios\\\/bienestar-y-medicina-preventiva\\\/#primaryimage\",\"url\":\"https:\\\/\\\/clearvieweasley.com\\\/wp-content\\\/uploads\\\/2024\\\/03\\\/general-exams.jpg\",\"contentUrl\":\"https:\\\/\\\/clearvieweasley.com\\\/wp-content\\\/uploads\\\/2024\\\/03\\\/general-exams.jpg\",\"width\":1200,\"height\":624},{\"@type\":\"BreadcrumbList\",\"@id\":\"https:\\\/\\\/clearvieweasley.com\\\/es\\\/servicios-veterinarios\\\/bienestar-y-medicina-preventiva\\\/#breadcrumb\",\"itemListElement\":[{\"@type\":\"ListItem\",\"position\":1,\"name\":\"Home\",\"item\":\"https:\\\/\\\/clearvieweasley.com\\\/es\\\/hogar\\\/\"},{\"@type\":\"ListItem\",\"position\":2,\"name\":\"Servicios veterinarios\",\"item\":\"https:\\\/\\\/clearvieweasley.com\\\/es\\\/servicios-veterinarios\\\/\"},{\"@type\":\"ListItem\",\"position\":3,\"name\":\"Bienestar y Medicina preventiva\"}]},{\"@type\":\"WebSite\",\"@id\":\"https:\\\/\\\/clearvieweasley.com\\\/es\\\/#website\",\"url\":\"https:\\\/\\\/clearvieweasley.com\\\/es\\\/\",\"name\":\"Clearview Animal Hospital\",\"description\":\"The Animal Hospital with a heart for the Upstate!\",\"publisher\":{\"@id\":\"https:\\\/\\\/clearvieweasley.com\\\/es\\\/#organization\"},\"potentialAction\":[{\"@type\":\"SearchAction\",\"target\":{\"@type\":\"EntryPoint\",\"urlTemplate\":\"https:\\\/\\\/clearvieweasley.com\\\/es\\\/?s={search_term_string}\"},\"query-input\":{\"@type\":\"PropertyValueSpecification\",\"valueRequired\":true,\"valueName\":\"search_term_string\"}}],\"inLanguage\":\"es\"},{\"@type\":\"Organization\",\"@id\":\"https:\\\/\\\/clearvieweasley.com\\\/es\\\/#organization\",\"name\":\"Clearview Animal Hospital\",\"url\":\"https:\\\/\\\/clearvieweasley.com\\\/es\\\/\",\"logo\":{\"@type\":\"ImageObject\",\"inLanguage\":\"es\",\"@id\":\"https:\\\/\\\/clearvieweasley.com\\\/es\\\/#\\\/schema\\\/logo\\\/image\\\/\",\"url\":\"http:\\\/\\\/clearvieweasley.com\\\/wp-content\\\/uploads\\\/2022\\\/08\\\/clearview-animal-hospital-easley.png\",\"contentUrl\":\"http:\\\/\\\/clearvieweasley.com\\\/wp-content\\\/uploads\\\/2022\\\/08\\\/clearview-animal-hospital-easley.png\",\"width\":1200,\"height\":304,\"caption\":\"Clearview Animal Hospital\"},\"image\":{\"@id\":\"https:\\\/\\\/clearvieweasley.com\\\/es\\\/#\\\/schema\\\/logo\\\/image\\\/\"},\"sameAs\":[\"https:\\\/\\\/www.facebook.com\\\/clearviewanimalhospitalSC\"]}]}<\/script>\n<!-- \/ Yoast SEO plugin. -->","yoast_head_json":{"title":"Bienestar y Medicina preventiva - Clearview Animal Hospital","description":"Nuestros programas de bienestar personalizados est\u00e1n dise\u00f1ados para abordar las necesidades individuales de sus mascotas, teniendo en cuenta factores como la especie, la edad y la raza","robots":{"index":"index","follow":"follow","max-snippet":"max-snippet:-1","max-image-preview":"max-image-preview:large","max-video-preview":"max-video-preview:-1"},"canonical":"https:\/\/clearvieweasley.com\/es\/servicios-veterinarios\/bienestar-y-medicina-preventiva\/","og_locale":"es_ES","og_type":"article","og_title":"Bienestar y Medicina preventiva - Clearview Animal Hospital","og_description":"Nuestros programas de bienestar personalizados est\u00e1n dise\u00f1ados para abordar las necesidades individuales de sus mascotas, teniendo en cuenta factores como la especie, la edad y la raza","og_url":"https:\/\/clearvieweasley.com\/es\/servicios-veterinarios\/bienestar-y-medicina-preventiva\/","og_site_name":"Clearview Animal Hospital","article_publisher":"https:\/\/www.facebook.com\/clearviewanimalhospitalSC","article_modified_time":"2024-06-05T17:02:58+00:00","og_image":[{"width":1200,"height":624,"url":"https:\/\/clearvieweasley.com\/wp-content\/uploads\/2024\/03\/general-exams.jpg","type":"image\/jpeg"}],"twitter_card":"summary_large_image","twitter_misc":{"Tiempo de lectura":"1 minuto"},"schema":{"@context":"https:\/\/schema.org","@graph":[{"@type":"WebPage","@id":"https:\/\/clearvieweasley.com\/es\/servicios-veterinarios\/bienestar-y-medicina-preventiva\/","url":"https:\/\/clearvieweasley.com\/es\/servicios-veterinarios\/bienestar-y-medicina-preventiva\/","name":"Bienestar y Medicina preventiva - Clearview Animal Hospital","isPartOf":{"@id":"https:\/\/clearvieweasley.com\/es\/#website"},"primaryImageOfPage":{"@id":"https:\/\/clearvieweasley.com\/es\/servicios-veterinarios\/bienestar-y-medicina-preventiva\/#primaryimage"},"image":{"@id":"https:\/\/clearvieweasley.com\/es\/servicios-veterinarios\/bienestar-y-medicina-preventiva\/#primaryimage"},"thumbnailUrl":"https:\/\/clearvieweasley.com\/wp-content\/uploads\/2024\/03\/general-exams.jpg","datePublished":"2024-03-26T13:53:44+00:00","dateModified":"2024-06-05T17:02:58+00:00","description":"Nuestros programas de bienestar personalizados est\u00e1n dise\u00f1ados para abordar las necesidades individuales de sus mascotas, teniendo en cuenta factores como la especie, la edad y la raza","breadcrumb":{"@id":"https:\/\/clearvieweasley.com\/es\/servicios-veterinarios\/bienestar-y-medicina-preventiva\/#breadcrumb"},"inLanguage":"es","potentialAction":[{"@type":"ReadAction","target":["https:\/\/clearvieweasley.com\/es\/servicios-veterinarios\/bienestar-y-medicina-preventiva\/"]}]},{"@type":"ImageObject","inLanguage":"es","@id":"https:\/\/clearvieweasley.com\/es\/servicios-veterinarios\/bienestar-y-medicina-preventiva\/#primaryimage","url":"https:\/\/clearvieweasley.com\/wp-content\/uploads\/2024\/03\/general-exams.jpg","contentUrl":"https:\/\/clearvieweasley.com\/wp-content\/uploads\/2024\/03\/general-exams.jpg","width":1200,"height":624},{"@type":"BreadcrumbList","@id":"https:\/\/clearvieweasley.com\/es\/servicios-veterinarios\/bienestar-y-medicina-preventiva\/#breadcrumb","itemListElement":[{"@type":"ListItem","position":1,"name":"Home","item":"https:\/\/clearvieweasley.com\/es\/hogar\/"},{"@type":"ListItem","position":2,"name":"Servicios veterinarios","item":"https:\/\/clearvieweasley.com\/es\/servicios-veterinarios\/"},{"@type":"ListItem","position":3,"name":"Bienestar y Medicina preventiva"}]},{"@type":"WebSite","@id":"https:\/\/clearvieweasley.com\/es\/#website","url":"https:\/\/clearvieweasley.com\/es\/","name":"Clearview Animal Hospital","description":"The Animal Hospital with a heart for the Upstate!","publisher":{"@id":"https:\/\/clearvieweasley.com\/es\/#organization"},"potentialAction":[{"@type":"SearchAction","target":{"@type":"EntryPoint","urlTemplate":"https:\/\/clearvieweasley.com\/es\/?s={search_term_string}"},"query-input":{"@type":"PropertyValueSpecification","valueRequired":true,"valueName":"search_term_string"}}],"inLanguage":"es"},{"@type":"Organization","@id":"https:\/\/clearvieweasley.com\/es\/#organization","name":"Clearview Animal Hospital","url":"https:\/\/clearvieweasley.com\/es\/","logo":{"@type":"ImageObject","inLanguage":"es","@id":"https:\/\/clearvieweasley.com\/es\/#\/schema\/logo\/image\/","url":"http:\/\/clearvieweasley.com\/wp-content\/uploads\/2022\/08\/clearview-animal-hospital-easley.png","contentUrl":"http:\/\/clearvieweasley.com\/wp-content\/uploads\/2022\/08\/clearview-animal-hospital-easley.png","width":1200,"height":304,"caption":"Clearview Animal Hospital"},"image":{"@id":"https:\/\/clearvieweasley.com\/es\/#\/schema\/logo\/image\/"},"sameAs":["https:\/\/www.facebook.com\/clearviewanimalhospitalSC"]}]}},"meta_box":[],"_links":{"self":[{"href":"https:\/\/clearvieweasley.com\/es\/wp-json\/wp\/v2\/pages\/775","targetHints":{"allow":["GET"]}}],"collection":[{"href":"https:\/\/clearvieweasley.com\/es\/wp-json\/wp\/v2\/pages"}],"about":[{"href":"https:\/\/clearvieweasley.com\/es\/wp-json\/wp\/v2\/types\/page"}],"author":[{"embeddable":true,"href":"https:\/\/clearvieweasley.com\/es\/wp-json\/wp\/v2\/users\/1"}],"replies":[{"embeddable":true,"href":"https:\/\/clearvieweasley.com\/es\/wp-json\/wp\/v2\/comments?post=775"}],"version-history":[{"count":1,"href":"https:\/\/clearvieweasley.com\/es\/wp-json\/wp\/v2\/pages\/775\/revisions"}],"predecessor-version":[{"id":776,"href":"https:\/\/clearvieweasley.com\/es\/wp-json\/wp\/v2\/pages\/775\/revisions\/776"}],"up":[{"embeddable":true,"href":"https:\/\/clearvieweasley.com\/es\/wp-json\/wp\/v2\/pages\/769"}],"wp:featuredmedia":[{"embeddable":true,"href":"https:\/\/clearvieweasley.com\/es\/wp-json\/wp\/v2\/media\/721"}],"wp:attachment":[{"href":"https:\/\/clearvieweasley.com\/es\/wp-json\/wp\/v2\/media?parent=775"}],"curies":[{"name":"wp","href":"https:\/\/api.w.org\/{rel}","templated":true}]}}