{"id":783,"date":"2024-03-26T10:10:07","date_gmt":"2024-03-26T14:10:07","guid":{"rendered":"https:\/\/clearvieweasley.com\/servicios-veterinarios\/limpieza-dental-extracciones-dentales\/"},"modified":"2024-06-05T13:14:24","modified_gmt":"2024-06-05T17:14:24","slug":"limpieza-dental-extracciones-dentales","status":"publish","type":"page","link":"https:\/\/clearvieweasley.com\/es\/servicios-veterinarios\/limpieza-dental-extracciones-dentales\/","title":{"rendered":"Limpieza dental\/ Extracciones dentales"},"content":{"rendered":"\t\t<div data-elementor-type=\"wp-page\" data-elementor-id=\"783\" class=\"elementor elementor-783 elementor-512\" data-elementor-post-type=\"page\">\n\t\t\t\t\t\t<section class=\"elementor-section elementor-top-section elementor-element elementor-element-6c54d14c elementor-section-height-min-height elementor-section-boxed elementor-section-height-default elementor-section-items-middle\" data-id=\"6c54d14c\" data-element_type=\"section\" data-e-type=\"section\" data-settings=\"{&quot;background_background&quot;:&quot;classic&quot;}\">\n\t\t\t\t\t\t\t<div class=\"elementor-background-overlay\"><\/div>\n\t\t\t\t\t\t\t<div class=\"elementor-container elementor-column-gap-default\">\n\t\t\t\t\t<div class=\"elementor-column elementor-col-100 elementor-top-column elementor-element elementor-element-663e40e\" data-id=\"663e40e\" data-element_type=\"column\" data-e-type=\"column\">\n\t\t\t<div class=\"elementor-widget-wrap elementor-element-populated\">\n\t\t\t\t\t\t<div class=\"elementor-element elementor-element-639bddb0 elementor-widget elementor-widget-spacer\" data-id=\"639bddb0\" data-element_type=\"widget\" data-e-type=\"widget\" data-widget_type=\"spacer.default\">\n\t\t\t\t<div class=\"elementor-widget-container\">\n\t\t\t\t\t\t\t<div class=\"elementor-spacer\">\n\t\t\t<div class=\"elementor-spacer-inner\"><\/div>\n\t\t<\/div>\n\t\t\t\t\t\t<\/div>\n\t\t\t\t<\/div>\n\t\t\t\t\t<\/div>\n\t\t<\/div>\n\t\t\t\t\t<\/div>\n\t\t<\/section>\n\t\t\t\t<section class=\"elementor-section elementor-top-section elementor-element elementor-element-41f745fe elementor-section-boxed elementor-section-height-default elementor-section-height-default\" data-id=\"41f745fe\" data-element_type=\"section\" data-e-type=\"section\">\n\t\t\t\t\t\t<div class=\"elementor-container elementor-column-gap-default\">\n\t\t\t\t\t<div class=\"elementor-column elementor-col-100 elementor-top-column elementor-element elementor-element-2236a0f2\" data-id=\"2236a0f2\" data-element_type=\"column\" data-e-type=\"column\">\n\t\t\t<div class=\"elementor-widget-wrap elementor-element-populated\">\n\t\t\t\t\t\t<div class=\"elementor-element elementor-element-a9900cb elementor-widget elementor-widget-heading\" data-id=\"a9900cb\" data-element_type=\"widget\" data-e-type=\"widget\" data-widget_type=\"heading.default\">\n\t\t\t\t<div class=\"elementor-widget-container\">\n\t\t\t\t\t<h1 class=\"elementor-heading-title elementor-size-default\">Limpieza dental\/ Extracciones dentales <\/h1>\t\t\t\t<\/div>\n\t\t\t\t<\/div>\n\t\t\t\t<div class=\"elementor-element elementor-element-10416a7e elementor-widget elementor-widget-heading\" data-id=\"10416a7e\" data-element_type=\"widget\" data-e-type=\"widget\" data-widget_type=\"heading.default\">\n\t\t\t\t<div class=\"elementor-widget-container\">\n\t\t\t\t\t<h4 class=\"elementor-heading-title elementor-size-default\">Cuidado dental para mascotas cerca de Easley, SC<\/h4>\t\t\t\t<\/div>\n\t\t\t\t<\/div>\n\t\t\t\t\t<\/div>\n\t\t<\/div>\n\t\t\t\t\t<\/div>\n\t\t<\/section>\n\t\t\t\t<section class=\"elementor-section elementor-top-section elementor-element elementor-element-1f7b18f5 elementor-section-boxed elementor-section-height-default elementor-section-height-default\" data-id=\"1f7b18f5\" data-element_type=\"section\" data-e-type=\"section\">\n\t\t\t\t\t\t<div class=\"elementor-container elementor-column-gap-default\">\n\t\t\t\t\t<div class=\"elementor-column elementor-col-50 elementor-top-column elementor-element elementor-element-25d4822f\" data-id=\"25d4822f\" data-element_type=\"column\" data-e-type=\"column\">\n\t\t\t<div class=\"elementor-widget-wrap elementor-element-populated\">\n\t\t\t\t\t\t<div class=\"elementor-element elementor-element-147388f2 elementor-widget elementor-widget-text-editor\" data-id=\"147388f2\" data-element_type=\"widget\" data-e-type=\"widget\" data-widget_type=\"text-editor.default\">\n\t\t\t\t<div class=\"elementor-widget-container\">\n\t\t\t\t\t\t\t\t\t<p> Como tutores responsables de mascotas, es f\u00e1cil pasar por alto la importancia de la higiene dental de nuestros amigos peludos. Sin embargo, estudios recientes revelan que los problemas de salud oral afectan a una mayor\u00eda significativa de perros y gatos adultos Ignorar signos como el mal aliento puede acarrear graves problemas de salud a nuestras mascotas, al igual que a nosotros.<\/p>\n<p>A veces, cambios sutiles en el comportamiento son las \u00fanicas pistas que nos dan nuestras mascotas sobre molestias dentales, como reducci\u00f3n del apetito o pocas ganas de jugar. Sin embargo, priorizar su salud oral puede mejorar enormemente su bienestar y su esperanza de vida.. Nuestras limpiezas dentales son exhaustivas e incluyen raspado ultras\u00f3nico, pulido y radiograf\u00eda digital, e incluso extracciones dentales si es necesario. Adem\u00e1s, ofrecemos consejos pr\u00e1cticos y herramientas para ayudarte a mantener la higiene oral de tu mascota en casa. Es un peque\u00f1o esfuerzo que puede marcar una gran diferencia en la felicidad y la salud de su mascota.<\/p>\n\t\t\t\t\t\t\t\t<\/div>\n\t\t\t\t<\/div>\n\t\t\t\t\t<\/div>\n\t\t<\/div>\n\t\t\t\t<div class=\"elementor-column elementor-col-50 elementor-top-column elementor-element elementor-element-48f8ef39\" data-id=\"48f8ef39\" data-element_type=\"column\" data-e-type=\"column\" data-settings=\"{&quot;background_background&quot;:&quot;classic&quot;}\">\n\t\t\t<div class=\"elementor-widget-wrap elementor-element-populated\">\n\t\t\t\t\t\t<section class=\"elementor-section elementor-inner-section elementor-element elementor-element-6e5e59e elementor-section-boxed elementor-section-height-default elementor-section-height-default\" data-id=\"6e5e59e\" data-element_type=\"section\" data-e-type=\"section\">\n\t\t\t\t\t\t<div class=\"elementor-container elementor-column-gap-default\">\n\t\t\t\t\t<div class=\"elementor-column elementor-col-100 elementor-inner-column elementor-element elementor-element-e6f4f5f\" data-id=\"e6f4f5f\" data-element_type=\"column\" data-e-type=\"column\" data-settings=\"{&quot;background_background&quot;:&quot;classic&quot;}\">\n\t\t\t<div class=\"elementor-widget-wrap elementor-element-populated\">\n\t\t\t\t\t\t<div class=\"elementor-element elementor-element-12e36d2c elementor-widget elementor-widget-heading\" data-id=\"12e36d2c\" data-element_type=\"widget\" data-e-type=\"widget\" data-widget_type=\"heading.default\">\n\t\t\t\t<div class=\"elementor-widget-container\">\n\t\t\t\t\t<h2 class=\"elementor-heading-title elementor-size-default\">Agenda una Cita<\/h2>\t\t\t\t<\/div>\n\t\t\t\t<\/div>\n\t\t\t\t<div class=\"elementor-element elementor-element-55870d10 elementor-widget elementor-widget-heading\" data-id=\"55870d10\" data-element_type=\"widget\" data-e-type=\"widget\" data-widget_type=\"heading.default\">\n\t\t\t\t<div class=\"elementor-widget-container\">\n\t\t\t\t\t<h4 class=\"elementor-heading-title elementor-size-default\">Estamos aceptando nuevos clientes<\/h4>\t\t\t\t<\/div>\n\t\t\t\t<\/div>\n\t\t\t\t<div class=\"elementor-element elementor-element-43db5f08 elementor-widget elementor-widget-spacer\" data-id=\"43db5f08\" data-element_type=\"widget\" data-e-type=\"widget\" data-widget_type=\"spacer.default\">\n\t\t\t\t<div class=\"elementor-widget-container\">\n\t\t\t\t\t\t\t<div class=\"elementor-spacer\">\n\t\t\t<div class=\"elementor-spacer-inner\"><\/div>\n\t\t<\/div>\n\t\t\t\t\t\t<\/div>\n\t\t\t\t<\/div>\n\t\t\t\t<div class=\"elementor-element elementor-element-4fdbc3f9 elementor-align-left elementor-mobile-align-justify elementor-widget__width-auto elementor-widget-mobile__width-inherit elementor-tablet-align-justify elementor-widget-tablet__width-inherit elementor-widget elementor-widget-button\" data-id=\"4fdbc3f9\" data-element_type=\"widget\" data-e-type=\"widget\" data-widget_type=\"button.default\">\n\t\t\t\t<div class=\"elementor-widget-container\">\n\t\t\t\t\t\t\t\t\t<div class=\"elementor-button-wrapper\">\n\t\t\t\t\t<a class=\"elementor-button elementor-button-link elementor-size-sm\" href=\"#appointment\">\n\t\t\t\t\t\t<span class=\"elementor-button-content-wrapper\">\n\t\t\t\t\t\t\t\t\t<span class=\"elementor-button-text\">Agendar cita<\/span>\n\t\t\t\t\t<\/span>\n\t\t\t\t\t<\/a>\n\t\t\t\t<\/div>\n\t\t\t\t\t\t\t\t<\/div>\n\t\t\t\t<\/div>\n\t\t\t\t<div class=\"elementor-element elementor-element-62ba5496 elementor-align-left elementor-mobile-align-justify elementor-widget__width-auto elementor-widget-mobile__width-inherit elementor-tablet-align-justify elementor-widget-tablet__width-inherit elementor-widget elementor-widget-button\" data-id=\"62ba5496\" data-element_type=\"widget\" data-e-type=\"widget\" data-widget_type=\"button.default\">\n\t\t\t\t<div class=\"elementor-widget-container\">\n\t\t\t\t\t\t\t\t\t<div class=\"elementor-button-wrapper\">\n\t\t\t\t\t<a class=\"elementor-button elementor-button-link elementor-size-sm\" href=\"tel:864-442-6192\" target=\"_blank\">\n\t\t\t\t\t\t<span class=\"elementor-button-content-wrapper\">\n\t\t\t\t\t\t\t\t\t<span class=\"elementor-button-text\">Llama al: (864) 442-6192<\/span>\n\t\t\t\t\t<\/span>\n\t\t\t\t\t<\/a>\n\t\t\t\t<\/div>\n\t\t\t\t\t\t\t\t<\/div>\n\t\t\t\t<\/div>\n\t\t\t\t\t<\/div>\n\t\t<\/div>\n\t\t\t\t\t<\/div>\n\t\t<\/section>\n\t\t\t\t<div class=\"elementor-element elementor-element-14025dd3 elementor-widget elementor-widget-spacer\" data-id=\"14025dd3\" data-element_type=\"widget\" data-e-type=\"widget\" data-widget_type=\"spacer.default\">\n\t\t\t\t<div class=\"elementor-widget-container\">\n\t\t\t\t\t\t\t<div class=\"elementor-spacer\">\n\t\t\t<div class=\"elementor-spacer-inner\"><\/div>\n\t\t<\/div>\n\t\t\t\t\t\t<\/div>\n\t\t\t\t<\/div>\n\t\t\t\t\t<\/div>\n\t\t<\/div>\n\t\t\t\t\t<\/div>\n\t\t<\/section>\n\t\t\t\t<\/div>\n\t\t","protected":false},"excerpt":{"rendered":"<p>Limpieza dental\/ Extracciones dentales Cuidado dental para mascotas cerca de Easley, SC Como tutores responsables de mascotas, es f\u00e1cil pasar por alto la importancia de la higiene dental de nuestros amigos peludos. Sin embargo, estudios recientes revelan que los problemas de salud oral afectan a una mayor\u00eda significativa de perros y gatos adultos Ignorar signos [&hellip;]<\/p>\n","protected":false},"author":1,"featured_media":723,"parent":769,"menu_order":0,"comment_status":"closed","ping_status":"closed","template":"","meta":{"footnotes":""},"class_list":["post-783","page","type-page","status-publish","has-post-thumbnail","hentry"],"yoast_head":"<!-- This site is optimized with the Yoast SEO plugin v27.4 - https:\/\/yoast.com\/product\/yoast-seo-wordpress\/ -->\n<title>-<\/title>\n<meta name=\"description\" content=\"Nuestras limpiezas dentales son exhaustivas, incluyendo raspado ultras\u00f3nico, pulido y radiograf\u00eda digital, e incluso extracciones dentales si es necesario.\" \/>\n<meta name=\"robots\" content=\"index, follow, max-snippet:-1, max-image-preview:large, max-video-preview:-1\" \/>\n<link rel=\"canonical\" href=\"https:\/\/clearvieweasley.com\/es\/servicios-veterinarios\/limpieza-dental-extracciones-dentales\/\" \/>\n<meta property=\"og:locale\" content=\"es_ES\" \/>\n<meta property=\"og:type\" content=\"article\" \/>\n<meta property=\"og:title\" content=\"-\" \/>\n<meta property=\"og:description\" content=\"Nuestras limpiezas dentales son exhaustivas, incluyendo raspado ultras\u00f3nico, pulido y radiograf\u00eda digital, e incluso extracciones dentales si es necesario.\" \/>\n<meta property=\"og:url\" content=\"https:\/\/clearvieweasley.com\/es\/servicios-veterinarios\/limpieza-dental-extracciones-dentales\/\" \/>\n<meta property=\"og:site_name\" content=\"Clearview Animal Hospital\" \/>\n<meta property=\"article:publisher\" content=\"https:\/\/www.facebook.com\/clearviewanimalhospitalSC\" \/>\n<meta property=\"article:modified_time\" content=\"2024-06-05T17:14:24+00:00\" \/>\n<meta property=\"og:image\" content=\"https:\/\/clearvieweasley.com\/wp-content\/uploads\/2024\/03\/pet-dental-cleaning.jpg\" \/>\n\t<meta property=\"og:image:width\" content=\"1200\" \/>\n\t<meta property=\"og:image:height\" content=\"624\" \/>\n\t<meta property=\"og:image:type\" content=\"image\/jpeg\" \/>\n<meta name=\"twitter:card\" content=\"summary_large_image\" \/>\n<meta name=\"twitter:label1\" content=\"Tiempo de lectura\" \/>\n\t<meta name=\"twitter:data1\" content=\"1 minuto\" \/>\n<script type=\"application\/ld+json\" class=\"yoast-schema-graph\">{\"@context\":\"https:\\\/\\\/schema.org\",\"@graph\":[{\"@type\":\"WebPage\",\"@id\":\"https:\\\/\\\/clearvieweasley.com\\\/es\\\/servicios-veterinarios\\\/limpieza-dental-extracciones-dentales\\\/\",\"url\":\"https:\\\/\\\/clearvieweasley.com\\\/es\\\/servicios-veterinarios\\\/limpieza-dental-extracciones-dentales\\\/\",\"name\":\"-\",\"isPartOf\":{\"@id\":\"https:\\\/\\\/clearvieweasley.com\\\/es\\\/#website\"},\"primaryImageOfPage\":{\"@id\":\"https:\\\/\\\/clearvieweasley.com\\\/es\\\/servicios-veterinarios\\\/limpieza-dental-extracciones-dentales\\\/#primaryimage\"},\"image\":{\"@id\":\"https:\\\/\\\/clearvieweasley.com\\\/es\\\/servicios-veterinarios\\\/limpieza-dental-extracciones-dentales\\\/#primaryimage\"},\"thumbnailUrl\":\"https:\\\/\\\/clearvieweasley.com\\\/wp-content\\\/uploads\\\/2024\\\/03\\\/pet-dental-cleaning.jpg\",\"datePublished\":\"2024-03-26T14:10:07+00:00\",\"dateModified\":\"2024-06-05T17:14:24+00:00\",\"description\":\"Nuestras limpiezas dentales son exhaustivas, incluyendo raspado ultras\u00f3nico, pulido y radiograf\u00eda digital, e incluso extracciones dentales si es necesario.\",\"breadcrumb\":{\"@id\":\"https:\\\/\\\/clearvieweasley.com\\\/es\\\/servicios-veterinarios\\\/limpieza-dental-extracciones-dentales\\\/#breadcrumb\"},\"inLanguage\":\"es\",\"potentialAction\":[{\"@type\":\"ReadAction\",\"target\":[\"https:\\\/\\\/clearvieweasley.com\\\/es\\\/servicios-veterinarios\\\/limpieza-dental-extracciones-dentales\\\/\"]}]},{\"@type\":\"ImageObject\",\"inLanguage\":\"es\",\"@id\":\"https:\\\/\\\/clearvieweasley.com\\\/es\\\/servicios-veterinarios\\\/limpieza-dental-extracciones-dentales\\\/#primaryimage\",\"url\":\"https:\\\/\\\/clearvieweasley.com\\\/wp-content\\\/uploads\\\/2024\\\/03\\\/pet-dental-cleaning.jpg\",\"contentUrl\":\"https:\\\/\\\/clearvieweasley.com\\\/wp-content\\\/uploads\\\/2024\\\/03\\\/pet-dental-cleaning.jpg\",\"width\":1200,\"height\":624},{\"@type\":\"BreadcrumbList\",\"@id\":\"https:\\\/\\\/clearvieweasley.com\\\/es\\\/servicios-veterinarios\\\/limpieza-dental-extracciones-dentales\\\/#breadcrumb\",\"itemListElement\":[{\"@type\":\"ListItem\",\"position\":1,\"name\":\"Home\",\"item\":\"https:\\\/\\\/clearvieweasley.com\\\/es\\\/hogar\\\/\"},{\"@type\":\"ListItem\",\"position\":2,\"name\":\"Servicios veterinarios\",\"item\":\"https:\\\/\\\/clearvieweasley.com\\\/es\\\/servicios-veterinarios\\\/\"},{\"@type\":\"ListItem\",\"position\":3,\"name\":\"Limpieza dental\\\/ Extracciones dentales\"}]},{\"@type\":\"WebSite\",\"@id\":\"https:\\\/\\\/clearvieweasley.com\\\/es\\\/#website\",\"url\":\"https:\\\/\\\/clearvieweasley.com\\\/es\\\/\",\"name\":\"Clearview Animal Hospital\",\"description\":\"The Animal Hospital with a heart for the Upstate!\",\"publisher\":{\"@id\":\"https:\\\/\\\/clearvieweasley.com\\\/es\\\/#organization\"},\"potentialAction\":[{\"@type\":\"SearchAction\",\"target\":{\"@type\":\"EntryPoint\",\"urlTemplate\":\"https:\\\/\\\/clearvieweasley.com\\\/es\\\/?s={search_term_string}\"},\"query-input\":{\"@type\":\"PropertyValueSpecification\",\"valueRequired\":true,\"valueName\":\"search_term_string\"}}],\"inLanguage\":\"es\"},{\"@type\":\"Organization\",\"@id\":\"https:\\\/\\\/clearvieweasley.com\\\/es\\\/#organization\",\"name\":\"Clearview Animal Hospital\",\"url\":\"https:\\\/\\\/clearvieweasley.com\\\/es\\\/\",\"logo\":{\"@type\":\"ImageObject\",\"inLanguage\":\"es\",\"@id\":\"https:\\\/\\\/clearvieweasley.com\\\/es\\\/#\\\/schema\\\/logo\\\/image\\\/\",\"url\":\"http:\\\/\\\/clearvieweasley.com\\\/wp-content\\\/uploads\\\/2022\\\/08\\\/clearview-animal-hospital-easley.png\",\"contentUrl\":\"http:\\\/\\\/clearvieweasley.com\\\/wp-content\\\/uploads\\\/2022\\\/08\\\/clearview-animal-hospital-easley.png\",\"width\":1200,\"height\":304,\"caption\":\"Clearview Animal Hospital\"},\"image\":{\"@id\":\"https:\\\/\\\/clearvieweasley.com\\\/es\\\/#\\\/schema\\\/logo\\\/image\\\/\"},\"sameAs\":[\"https:\\\/\\\/www.facebook.com\\\/clearviewanimalhospitalSC\"]}]}<\/script>\n<!-- \/ Yoast SEO plugin. -->","yoast_head_json":{"title":"-","description":"Nuestras limpiezas dentales son exhaustivas, incluyendo raspado ultras\u00f3nico, pulido y radiograf\u00eda digital, e incluso extracciones dentales si es necesario.","robots":{"index":"index","follow":"follow","max-snippet":"max-snippet:-1","max-image-preview":"max-image-preview:large","max-video-preview":"max-video-preview:-1"},"canonical":"https:\/\/clearvieweasley.com\/es\/servicios-veterinarios\/limpieza-dental-extracciones-dentales\/","og_locale":"es_ES","og_type":"article","og_title":"-","og_description":"Nuestras limpiezas dentales son exhaustivas, incluyendo raspado ultras\u00f3nico, pulido y radiograf\u00eda digital, e incluso extracciones dentales si es necesario.","og_url":"https:\/\/clearvieweasley.com\/es\/servicios-veterinarios\/limpieza-dental-extracciones-dentales\/","og_site_name":"Clearview Animal Hospital","article_publisher":"https:\/\/www.facebook.com\/clearviewanimalhospitalSC","article_modified_time":"2024-06-05T17:14:24+00:00","og_image":[{"width":1200,"height":624,"url":"https:\/\/clearvieweasley.com\/wp-content\/uploads\/2024\/03\/pet-dental-cleaning.jpg","type":"image\/jpeg"}],"twitter_card":"summary_large_image","twitter_misc":{"Tiempo de lectura":"1 minuto"},"schema":{"@context":"https:\/\/schema.org","@graph":[{"@type":"WebPage","@id":"https:\/\/clearvieweasley.com\/es\/servicios-veterinarios\/limpieza-dental-extracciones-dentales\/","url":"https:\/\/clearvieweasley.com\/es\/servicios-veterinarios\/limpieza-dental-extracciones-dentales\/","name":"-","isPartOf":{"@id":"https:\/\/clearvieweasley.com\/es\/#website"},"primaryImageOfPage":{"@id":"https:\/\/clearvieweasley.com\/es\/servicios-veterinarios\/limpieza-dental-extracciones-dentales\/#primaryimage"},"image":{"@id":"https:\/\/clearvieweasley.com\/es\/servicios-veterinarios\/limpieza-dental-extracciones-dentales\/#primaryimage"},"thumbnailUrl":"https:\/\/clearvieweasley.com\/wp-content\/uploads\/2024\/03\/pet-dental-cleaning.jpg","datePublished":"2024-03-26T14:10:07+00:00","dateModified":"2024-06-05T17:14:24+00:00","description":"Nuestras limpiezas dentales son exhaustivas, incluyendo raspado ultras\u00f3nico, pulido y radiograf\u00eda digital, e incluso extracciones dentales si es necesario.","breadcrumb":{"@id":"https:\/\/clearvieweasley.com\/es\/servicios-veterinarios\/limpieza-dental-extracciones-dentales\/#breadcrumb"},"inLanguage":"es","potentialAction":[{"@type":"ReadAction","target":["https:\/\/clearvieweasley.com\/es\/servicios-veterinarios\/limpieza-dental-extracciones-dentales\/"]}]},{"@type":"ImageObject","inLanguage":"es","@id":"https:\/\/clearvieweasley.com\/es\/servicios-veterinarios\/limpieza-dental-extracciones-dentales\/#primaryimage","url":"https:\/\/clearvieweasley.com\/wp-content\/uploads\/2024\/03\/pet-dental-cleaning.jpg","contentUrl":"https:\/\/clearvieweasley.com\/wp-content\/uploads\/2024\/03\/pet-dental-cleaning.jpg","width":1200,"height":624},{"@type":"BreadcrumbList","@id":"https:\/\/clearvieweasley.com\/es\/servicios-veterinarios\/limpieza-dental-extracciones-dentales\/#breadcrumb","itemListElement":[{"@type":"ListItem","position":1,"name":"Home","item":"https:\/\/clearvieweasley.com\/es\/hogar\/"},{"@type":"ListItem","position":2,"name":"Servicios veterinarios","item":"https:\/\/clearvieweasley.com\/es\/servicios-veterinarios\/"},{"@type":"ListItem","position":3,"name":"Limpieza dental\/ Extracciones dentales"}]},{"@type":"WebSite","@id":"https:\/\/clearvieweasley.com\/es\/#website","url":"https:\/\/clearvieweasley.com\/es\/","name":"Clearview Animal Hospital","description":"The Animal Hospital with a heart for the Upstate!","publisher":{"@id":"https:\/\/clearvieweasley.com\/es\/#organization"},"potentialAction":[{"@type":"SearchAction","target":{"@type":"EntryPoint","urlTemplate":"https:\/\/clearvieweasley.com\/es\/?s={search_term_string}"},"query-input":{"@type":"PropertyValueSpecification","valueRequired":true,"valueName":"search_term_string"}}],"inLanguage":"es"},{"@type":"Organization","@id":"https:\/\/clearvieweasley.com\/es\/#organization","name":"Clearview Animal Hospital","url":"https:\/\/clearvieweasley.com\/es\/","logo":{"@type":"ImageObject","inLanguage":"es","@id":"https:\/\/clearvieweasley.com\/es\/#\/schema\/logo\/image\/","url":"http:\/\/clearvieweasley.com\/wp-content\/uploads\/2022\/08\/clearview-animal-hospital-easley.png","contentUrl":"http:\/\/clearvieweasley.com\/wp-content\/uploads\/2022\/08\/clearview-animal-hospital-easley.png","width":1200,"height":304,"caption":"Clearview Animal Hospital"},"image":{"@id":"https:\/\/clearvieweasley.com\/es\/#\/schema\/logo\/image\/"},"sameAs":["https:\/\/www.facebook.com\/clearviewanimalhospitalSC"]}]}},"meta_box":[],"_links":{"self":[{"href":"https:\/\/clearvieweasley.com\/es\/wp-json\/wp\/v2\/pages\/783","targetHints":{"allow":["GET"]}}],"collection":[{"href":"https:\/\/clearvieweasley.com\/es\/wp-json\/wp\/v2\/pages"}],"about":[{"href":"https:\/\/clearvieweasley.com\/es\/wp-json\/wp\/v2\/types\/page"}],"author":[{"embeddable":true,"href":"https:\/\/clearvieweasley.com\/es\/wp-json\/wp\/v2\/users\/1"}],"replies":[{"embeddable":true,"href":"https:\/\/clearvieweasley.com\/es\/wp-json\/wp\/v2\/comments?post=783"}],"version-history":[{"count":1,"href":"https:\/\/clearvieweasley.com\/es\/wp-json\/wp\/v2\/pages\/783\/revisions"}],"predecessor-version":[{"id":784,"href":"https:\/\/clearvieweasley.com\/es\/wp-json\/wp\/v2\/pages\/783\/revisions\/784"}],"up":[{"embeddable":true,"href":"https:\/\/clearvieweasley.com\/es\/wp-json\/wp\/v2\/pages\/769"}],"wp:featuredmedia":[{"embeddable":true,"href":"https:\/\/clearvieweasley.com\/es\/wp-json\/wp\/v2\/media\/723"}],"wp:attachment":[{"href":"https:\/\/clearvieweasley.com\/es\/wp-json\/wp\/v2\/media?parent=783"}],"curies":[{"name":"wp","href":"https:\/\/api.w.org\/{rel}","templated":true}]}}