{"id":797,"date":"2022-08-20T12:35:37","date_gmt":"2022-08-20T16:35:37","guid":{"rendered":"https:\/\/clearvieweasley.com\/hogar\/"},"modified":"2024-06-10T14:42:59","modified_gmt":"2024-06-10T18:42:59","slug":"hogar","status":"publish","type":"page","link":"https:\/\/clearvieweasley.com\/es\/","title":{"rendered":"Hogar"},"content":{"rendered":"\t\t<div data-elementor-type=\"wp-page\" data-elementor-id=\"797\" class=\"elementor elementor-797 elementor-25\" data-elementor-post-type=\"page\">\n\t\t\t\t\t\t<section class=\"elementor-section elementor-top-section elementor-element elementor-element-cfda9cd elementor-section-height-min-height elementor-section-content-middle elementor-section-boxed elementor-section-height-default elementor-section-items-middle\" data-id=\"cfda9cd\" data-element_type=\"section\" data-e-type=\"section\" data-settings=\"{&quot;background_background&quot;:&quot;slideshow&quot;,&quot;background_slideshow_gallery&quot;:[{&quot;id&quot;:403,&quot;url&quot;:&quot;http:\\\/\\\/clearvieweasley.com\\\/wp-content\\\/uploads\\\/2023\\\/11\\\/clearview1.jpg&quot;},{&quot;id&quot;:404,&quot;url&quot;:&quot;http:\\\/\\\/clearvieweasley.com\\\/wp-content\\\/uploads\\\/2023\\\/11\\\/clearview6.jpg&quot;},{&quot;id&quot;:405,&quot;url&quot;:&quot;http:\\\/\\\/clearvieweasley.com\\\/wp-content\\\/uploads\\\/2023\\\/11\\\/clearview5.jpg&quot;},{&quot;id&quot;:406,&quot;url&quot;:&quot;http:\\\/\\\/clearvieweasley.com\\\/wp-content\\\/uploads\\\/2023\\\/11\\\/clearview4.jpg&quot;},{&quot;id&quot;:407,&quot;url&quot;:&quot;http:\\\/\\\/clearvieweasley.com\\\/wp-content\\\/uploads\\\/2023\\\/11\\\/clearview3.jpg&quot;},{&quot;id&quot;:408,&quot;url&quot;:&quot;http:\\\/\\\/clearvieweasley.com\\\/wp-content\\\/uploads\\\/2023\\\/11\\\/clearview2.jpg&quot;}],&quot;background_slideshow_slide_duration&quot;:5500,&quot;background_slideshow_ken_burns&quot;:&quot;yes&quot;,&quot;background_slideshow_loop&quot;:&quot;yes&quot;,&quot;background_slideshow_slide_transition&quot;:&quot;fade&quot;,&quot;background_slideshow_transition_duration&quot;:500,&quot;background_slideshow_ken_burns_zoom_direction&quot;:&quot;in&quot;}\">\n\t\t\t\t\t\t<div class=\"elementor-container elementor-column-gap-default\">\n\t\t\t\t\t<div class=\"elementor-column elementor-col-100 elementor-top-column elementor-element elementor-element-87a9381\" data-id=\"87a9381\" data-element_type=\"column\" data-e-type=\"column\">\n\t\t\t<div class=\"elementor-widget-wrap elementor-element-populated\">\n\t\t\t\t\t\t<div class=\"elementor-element elementor-element-06581ed elementor-widget elementor-widget-heading\" data-id=\"06581ed\" data-element_type=\"widget\" data-e-type=\"widget\" data-widget_type=\"heading.default\">\n\t\t\t\t<div class=\"elementor-widget-container\">\n\t\t\t\t\t<h1 class=\"elementor-heading-title elementor-size-default\">\u00a1El Hospital de Animales con Coraz\u00f3n para la Regi\u00f3n!<\/h1>\t\t\t\t<\/div>\n\t\t\t\t<\/div>\n\t\t\t\t<div class=\"elementor-element elementor-element-cc5767e elementor-widget elementor-widget-heading\" data-id=\"cc5767e\" data-element_type=\"widget\" data-e-type=\"widget\" data-widget_type=\"heading.default\">\n\t\t\t\t<div class=\"elementor-widget-container\">\n\t\t\t\t\t<h2 class=\"elementor-heading-title elementor-size-default\">Citas Disponibles para el Mismo D\u00eda<\/h2>\t\t\t\t<\/div>\n\t\t\t\t<\/div>\n\t\t\t\t<div class=\"elementor-element elementor-element-f0e80aa elementor-mobile-align-left elementor-widget__width-auto elementor-widget elementor-widget-button\" data-id=\"f0e80aa\" data-element_type=\"widget\" data-e-type=\"widget\" data-widget_type=\"button.default\">\n\t\t\t\t<div class=\"elementor-widget-container\">\n\t\t\t\t\t\t\t\t\t<div class=\"elementor-button-wrapper\">\n\t\t\t\t\t<a class=\"elementor-button elementor-button-link elementor-size-sm\" href=\"#appointment\">\n\t\t\t\t\t\t<span class=\"elementor-button-content-wrapper\">\n\t\t\t\t\t\t\t\t\t<span class=\"elementor-button-text\">Solicitud de cita<\/span>\n\t\t\t\t\t<\/span>\n\t\t\t\t\t<\/a>\n\t\t\t\t<\/div>\n\t\t\t\t\t\t\t\t<\/div>\n\t\t\t\t<\/div>\n\t\t\t\t<div class=\"elementor-element elementor-element-1155b14 elementor-mobile-align-left elementor-widget__width-auto elementor-widget elementor-widget-button\" data-id=\"1155b14\" data-element_type=\"widget\" data-e-type=\"widget\" data-widget_type=\"button.default\">\n\t\t\t\t<div class=\"elementor-widget-container\">\n\t\t\t\t\t\t\t\t\t<div class=\"elementor-button-wrapper\">\n\t\t\t\t\t<a class=\"elementor-button elementor-button-link elementor-size-sm\" href=\"https:\/\/olsr3.covetrus.com\/#?AID=w1tRN4345RLHQNBYIJZhAD8eKF7Y96K0N5TBF3h0r&#038;cl=1\" target=\"_blank\">\n\t\t\t\t\t\t<span class=\"elementor-button-content-wrapper\">\n\t\t\t\t\t\t\t\t\t<span class=\"elementor-button-text\">Portal de Mascotas<\/span>\n\t\t\t\t\t<\/span>\n\t\t\t\t\t<\/a>\n\t\t\t\t<\/div>\n\t\t\t\t\t\t\t\t<\/div>\n\t\t\t\t<\/div>\n\t\t\t\t<div class=\"elementor-element elementor-element-41f1c3e elementor-mobile-align-left elementor-widget__width-auto elementor-widget elementor-widget-button\" data-id=\"41f1c3e\" data-element_type=\"widget\" data-e-type=\"widget\" data-widget_type=\"button.default\">\n\t\t\t\t<div class=\"elementor-widget-container\">\n\t\t\t\t\t\t\t\t\t<div class=\"elementor-button-wrapper\">\n\t\t\t\t\t<a class=\"elementor-button elementor-button-link elementor-size-sm\" href=\"#emergency\">\n\t\t\t\t\t\t<span class=\"elementor-button-content-wrapper\">\n\t\t\t\t\t\t<span class=\"elementor-button-icon\">\n\t\t\t\t<i aria-hidden=\"true\" class=\"fas fa-plus-circle\"><\/i>\t\t\t<\/span>\n\t\t\t\t\t\t\t\t\t<span class=\"elementor-button-text\">Emergencias<\/span>\n\t\t\t\t\t<\/span>\n\t\t\t\t\t<\/a>\n\t\t\t\t<\/div>\n\t\t\t\t\t\t\t\t<\/div>\n\t\t\t\t<\/div>\n\t\t\t\t\t<\/div>\n\t\t<\/div>\n\t\t\t\t\t<\/div>\n\t\t<\/section>\n\t\t\t\t<section class=\"elementor-section elementor-top-section elementor-element elementor-element-366da1d elementor-section-content-middle elementor-section-boxed elementor-section-height-default elementor-section-height-default\" data-id=\"366da1d\" data-element_type=\"section\" data-e-type=\"section\" data-settings=\"{&quot;background_background&quot;:&quot;classic&quot;}\">\n\t\t\t\t\t\t<div class=\"elementor-container elementor-column-gap-default\">\n\t\t\t\t\t<div class=\"elementor-column elementor-col-100 elementor-top-column elementor-element elementor-element-02a313b\" data-id=\"02a313b\" data-element_type=\"column\" data-e-type=\"column\">\n\t\t\t<div class=\"elementor-widget-wrap elementor-element-populated\">\n\t\t\t\t\t\t<div class=\"elementor-element elementor-element-5c222dc elementor-align-center elementor-icon-list--layout-traditional elementor-list-item-link-full_width elementor-widget elementor-widget-icon-list\" data-id=\"5c222dc\" data-element_type=\"widget\" data-e-type=\"widget\" data-widget_type=\"icon-list.default\">\n\t\t\t\t<div class=\"elementor-widget-container\">\n\t\t\t\t\t\t\t<ul class=\"elementor-icon-list-items\">\n\t\t\t\t\t\t\t<li class=\"elementor-icon-list-item\">\n\t\t\t\t\t\t\t\t\t\t\t<span class=\"elementor-icon-list-icon\">\n\t\t\t\t\t\t\t<i aria-hidden=\"true\" class=\"fas fa-paw\"><\/i>\t\t\t\t\t\t<\/span>\n\t\t\t\t\t\t\t\t\t\t<span class=\"elementor-icon-list-text\">Now Accepting New Patients<\/span>\n\t\t\t\t\t\t\t\t\t<\/li>\n\t\t\t\t\t\t<\/ul>\n\t\t\t\t\t\t<\/div>\n\t\t\t\t<\/div>\n\t\t\t\t\t<\/div>\n\t\t<\/div>\n\t\t\t\t\t<\/div>\n\t\t<\/section>\n\t\t\t\t<section class=\"elementor-section elementor-top-section elementor-element elementor-element-36ae825 elementor-section-boxed elementor-section-height-default elementor-section-height-default\" data-id=\"36ae825\" data-element_type=\"section\" data-e-type=\"section\" data-settings=\"{&quot;background_background&quot;:&quot;classic&quot;}\">\n\t\t\t\t\t\t\t<div class=\"elementor-background-overlay\"><\/div>\n\t\t\t\t\t\t\t<div class=\"elementor-container elementor-column-gap-wide\">\n\t\t\t\t\t<div class=\"elementor-column elementor-col-100 elementor-top-column elementor-element elementor-element-f5134a8\" data-id=\"f5134a8\" data-element_type=\"column\" data-e-type=\"column\">\n\t\t\t<div class=\"elementor-widget-wrap elementor-element-populated\">\n\t\t\t\t\t\t<div class=\"elementor-element elementor-element-569e9fa elementor-widget elementor-widget-heading\" data-id=\"569e9fa\" data-element_type=\"widget\" data-e-type=\"widget\" data-widget_type=\"heading.default\">\n\t\t\t\t<div class=\"elementor-widget-container\">\n\t\t\t\t\t<h2 class=\"elementor-heading-title elementor-size-default\">Bienvenido de vuelta<\/h2>\t\t\t\t<\/div>\n\t\t\t\t<\/div>\n\t\t\t\t<div class=\"elementor-element elementor-element-127289e elementor-widget elementor-widget-text-editor\" data-id=\"127289e\" data-element_type=\"widget\" data-e-type=\"widget\" data-widget_type=\"text-editor.default\">\n\t\t\t\t<div class=\"elementor-widget-container\">\n\t\t\t\t\t\t\t\t\t<p>El Hospital Veterinario Clearview, esta orgulloso de ofrecerte servicios veterinarios a nuestros vecinos en el \u00e1rea de Easley y a los alrededores desde 1958 Hospital de Animales Clearview |Ealey | Aceptando pacientes nuevos Spearman y Furr, \u00a1servimos fielmente a las personas y las mascotas de nuestra comunidad durante d\u00e9cadas! Nuestra ubicaci\u00f3n estuvo cerrada temporalmente durante 2 a\u00f1os despu\u00e9s de Covid y posterior al retiro de los propietarios anteriores. Continuamos con su legado, completando una restauraci\u00f3n, renovaci\u00f3n y actualizaci\u00f3n de equipos en el mismo lugar que fue conocido y amado por tantos. Es un gran placer y privilegio ofrecer atenci\u00f3n local a nuestros vecinos y sus mascotas a partir del d\u00eda de nuestra inauguraci\u00f3n, el lunes 17 de octubre de 2022. <\/p>\n\t\t\t\t\t\t\t\t<\/div>\n\t\t\t\t<\/div>\n\t\t\t\t<div class=\"elementor-element elementor-element-a7e63a7 elementor-mobile-align-justify elementor-widget elementor-widget-button\" data-id=\"a7e63a7\" data-element_type=\"widget\" data-e-type=\"widget\" data-widget_type=\"button.default\">\n\t\t\t\t<div class=\"elementor-widget-container\">\n\t\t\t\t\t\t\t\t\t<div class=\"elementor-button-wrapper\">\n\t\t\t\t\t<a class=\"elementor-button elementor-button-link elementor-size-sm\" href=\"https:\/\/clearvieweasley.com\/staff\/\">\n\t\t\t\t\t\t<span class=\"elementor-button-content-wrapper\">\n\t\t\t\t\t\t\t\t\t<span class=\"elementor-button-text\">Conoce a nuestro staff<\/span>\n\t\t\t\t\t<\/span>\n\t\t\t\t\t<\/a>\n\t\t\t\t<\/div>\n\t\t\t\t\t\t\t\t<\/div>\n\t\t\t\t<\/div>\n\t\t\t\t\t<\/div>\n\t\t<\/div>\n\t\t\t\t\t<\/div>\n\t\t<\/section>\n\t\t\t\t<section class=\"elementor-section elementor-top-section elementor-element elementor-element-0edd098 elementor-section-boxed elementor-section-height-default elementor-section-height-default\" data-id=\"0edd098\" data-element_type=\"section\" data-e-type=\"section\" data-settings=\"{&quot;background_background&quot;:&quot;classic&quot;}\">\n\t\t\t\t\t\t<div class=\"elementor-container elementor-column-gap-default\">\n\t\t\t\t\t<div class=\"elementor-column elementor-col-100 elementor-top-column elementor-element elementor-element-34b6d57\" data-id=\"34b6d57\" data-element_type=\"column\" data-e-type=\"column\" data-settings=\"{&quot;background_background&quot;:&quot;classic&quot;}\">\n\t\t\t<div class=\"elementor-widget-wrap elementor-element-populated\">\n\t\t\t\t\t\t<div class=\"elementor-element elementor-element-caaf6f6 elementor-widget elementor-widget-heading\" data-id=\"caaf6f6\" data-element_type=\"widget\" data-e-type=\"widget\" data-widget_type=\"heading.default\">\n\t\t\t\t<div class=\"elementor-widget-container\">\n\t\t\t\t\t<h2 class=\"elementor-heading-title elementor-size-default\">Opciones de pago diferido de CareCredit<\/h2>\t\t\t\t<\/div>\n\t\t\t\t<\/div>\n\t\t\t\t<div class=\"elementor-element elementor-element-a56a9c3 elementor-widget elementor-widget-text-editor\" data-id=\"a56a9c3\" data-element_type=\"widget\" data-e-type=\"widget\" data-widget_type=\"text-editor.default\">\n\t\t\t\t<div class=\"elementor-widget-container\">\n\t\t\t\t\t\t\t\t\t<ul>\n<li>\u00a1Obtenga atenci\u00f3n para su peludo amigo ahora y pague despu\u00e9s!<\/li>\n<li>\u00a1Planes de pago para citas con mascotas que esten sanas o que requieran atenci\u00f3n medica !<\/li>\n<li>\u00a1Entendemos que cuando nuestras mascotas m\u00e1s nos necesitan, el costo puede aumentar! <\/li>\n<\/ul>\n\t\t\t\t\t\t\t\t<\/div>\n\t\t\t\t<\/div>\n\t\t\t\t<div class=\"elementor-element elementor-element-7ccd27a elementor-widget elementor-widget-button\" data-id=\"7ccd27a\" data-element_type=\"widget\" data-e-type=\"widget\" data-widget_type=\"button.default\">\n\t\t\t\t<div class=\"elementor-widget-container\">\n\t\t\t\t\t\t\t\t\t<div class=\"elementor-button-wrapper\">\n\t\t\t\t\t<a class=\"elementor-button elementor-button-link elementor-size-xs\" href=\"\/payment\/\">\n\t\t\t\t\t\t<span class=\"elementor-button-content-wrapper\">\n\t\t\t\t\t\t\t\t\t<span class=\"elementor-button-text\">Exploremos Opciones de Pago<\/span>\n\t\t\t\t\t<\/span>\n\t\t\t\t\t<\/a>\n\t\t\t\t<\/div>\n\t\t\t\t\t\t\t\t<\/div>\n\t\t\t\t<\/div>\n\t\t\t\t\t<\/div>\n\t\t<\/div>\n\t\t\t\t\t<\/div>\n\t\t<\/section>\n\t\t\t\t<section class=\"elementor-section elementor-top-section elementor-element elementor-element-e531daf elementor-section-boxed elementor-section-height-default elementor-section-height-default\" data-id=\"e531daf\" data-element_type=\"section\" data-e-type=\"section\">\n\t\t\t\t\t\t<div class=\"elementor-container elementor-column-gap-default\">\n\t\t\t\t\t<div class=\"elementor-column elementor-col-100 elementor-top-column elementor-element elementor-element-e4cc9b7\" data-id=\"e4cc9b7\" data-element_type=\"column\" data-e-type=\"column\">\n\t\t\t<div class=\"elementor-widget-wrap elementor-element-populated\">\n\t\t\t\t\t\t<div class=\"elementor-element elementor-element-e7b7933 elementor-widget elementor-widget-heading\" data-id=\"e7b7933\" data-element_type=\"widget\" data-e-type=\"widget\" data-widget_type=\"heading.default\">\n\t\t\t\t<div class=\"elementor-widget-container\">\n\t\t\t\t\t<h2 class=\"elementor-heading-title elementor-size-default\">S\u00edguenos en Instagram<\/h2>\t\t\t\t<\/div>\n\t\t\t\t<\/div>\n\t\t\t\t<div class=\"elementor-element elementor-element-27feeaf elementor-widget elementor-widget-shortcode\" data-id=\"27feeaf\" data-element_type=\"widget\" data-e-type=\"widget\" data-widget_type=\"shortcode.default\">\n\t\t\t\t<div class=\"elementor-widget-container\">\n\t\t\t\t\t\t\t<div class=\"elementor-shortcode\">\n<div id=\"sb_instagram\"  class=\"sbi sbi_mob_col_2 sbi_tab_col_4 sbi_col_4 sbi_width_resp\" style=\"padding-bottom: 10px;\"\t data-feedid=\"*1\"  data-res=\"auto\" data-cols=\"4\" data-colsmobile=\"2\" data-colstablet=\"4\" data-num=\"8\" data-nummobile=\"4\" data-item-padding=\"5\"\t data-shortcode-atts=\"{&quot;feed&quot;:&quot;1&quot;}\"  data-postid=\"797\" data-locatornonce=\"09badf4482\" data-imageaspectratio=\"1:1\" data-sbi-flags=\"favorLocal\">\n\t\n\t<div id=\"sbi_images\"  style=\"gap: 10px;\">\n\t\t\t<\/div>\n\n\t<div id=\"sbi_load\" >\n\n\t\n\t\n<\/div>\n\t\t<span class=\"sbi_resized_image_data\" data-feed-id=\"*1\"\n\t\t  data-resized=\"[]\">\n\t<\/span>\n\t<\/div>\n\n<\/div>\n\t\t\t\t\t\t<\/div>\n\t\t\t\t<\/div>\n\t\t\t\t\t<\/div>\n\t\t<\/div>\n\t\t\t\t\t<\/div>\n\t\t<\/section>\n\t\t\t\t<\/div>\n\t\t","protected":false},"excerpt":{"rendered":"<p>\u00a1El Hospital de Animales con Coraz\u00f3n para la Regi\u00f3n! Citas Disponibles para el Mismo D\u00eda Solicitud de cita Portal de Mascotas Emergencias Now Accepting New Patients Bienvenido de vuelta El Hospital Veterinario Clearview, esta orgulloso de ofrecerte servicios veterinarios a nuestros vecinos en el \u00e1rea de Easley y a los alrededores desde 1958 Hospital de [&hellip;]<\/p>\n","protected":false},"author":1,"featured_media":693,"parent":0,"menu_order":0,"comment_status":"closed","ping_status":"closed","template":"","meta":{"footnotes":""},"class_list":["post-797","page","type-page","status-publish","has-post-thumbnail","hentry"],"yoast_head":"<!-- This site is optimized with the Yoast SEO plugin v27.4 - https:\/\/yoast.com\/product\/yoast-seo-wordpress\/ -->\n<title>Hospital de Animales Clearview |Ealey | Aceptamos Nuevos Pacientes<\/title>\n<meta name=\"description\" content=\"Ofreciendo servicios veterinarios en el \u00e1rea de Easley y sus alrededores desde 1958 Hospital de Animales Clearview |Ealey | Aceptando pacientes nuevos Spearman y Furr, \u00a1servimos fielmente a las personas y las mascotas de nuestra comunidad durante d\u00e9cadas!\" \/>\n<meta name=\"robots\" content=\"index, follow, max-snippet:-1, max-image-preview:large, max-video-preview:-1\" \/>\n<link rel=\"canonical\" href=\"https:\/\/clearvieweasley.com\/es\/\" \/>\n<meta property=\"og:locale\" content=\"es_ES\" \/>\n<meta property=\"og:type\" content=\"article\" \/>\n<meta property=\"og:title\" content=\"Hospital Animal Clearview en Easley\" \/>\n<meta property=\"og:description\" content=\"Orgulloso de ofrecer servicios de medicina veterinaria en Easley y sus alrededores desde 1958. Hospital de Animales Clearview |Ealey | Aceptando pacientes nuevos Spearman y Furr, \u00a1servimos fielmente a las personas y las mascotas de nuestra comunidad durante d\u00e9cadas!\" \/>\n<meta property=\"og:url\" content=\"https:\/\/clearvieweasley.com\/es\/\" \/>\n<meta property=\"og:site_name\" content=\"Clearview Animal Hospital\" \/>\n<meta property=\"article:publisher\" content=\"https:\/\/www.facebook.com\/clearviewanimalhospitalSC\" \/>\n<meta property=\"article:modified_time\" content=\"2024-06-10T18:42:59+00:00\" \/>\n<meta property=\"og:image\" content=\"http:\/\/clearvieweasley.com\/wp-content\/uploads\/2022\/10\/clearview-facebook-1024x538.jpg\" \/>\n<meta name=\"twitter:card\" content=\"summary_large_image\" \/>\n<meta name=\"twitter:label1\" content=\"Tiempo de lectura\" \/>\n\t<meta name=\"twitter:data1\" content=\"2 minutos\" \/>\n<script type=\"application\/ld+json\" class=\"yoast-schema-graph\">{\"@context\":\"https:\\\/\\\/schema.org\",\"@graph\":[{\"@type\":\"WebPage\",\"@id\":\"https:\\\/\\\/clearvieweasley.com\\\/es\\\/\",\"url\":\"https:\\\/\\\/clearvieweasley.com\\\/es\\\/\",\"name\":\"Hospital de Animales Clearview |Ealey | Aceptamos Nuevos Pacientes\",\"isPartOf\":{\"@id\":\"https:\\\/\\\/clearvieweasley.com\\\/es\\\/#website\"},\"primaryImageOfPage\":{\"@id\":\"https:\\\/\\\/clearvieweasley.com\\\/es\\\/#primaryimage\"},\"image\":{\"@id\":\"https:\\\/\\\/clearvieweasley.com\\\/es\\\/#primaryimage\"},\"thumbnailUrl\":\"https:\\\/\\\/clearvieweasley.com\\\/wp-content\\\/uploads\\\/2022\\\/08\\\/404pup.jpg\",\"datePublished\":\"2022-08-20T16:35:37+00:00\",\"dateModified\":\"2024-06-10T18:42:59+00:00\",\"description\":\"Ofreciendo servicios veterinarios en el \u00e1rea de Easley y sus alrededores desde 1958 Hospital de Animales Clearview |Ealey | Aceptando pacientes nuevos Spearman y Furr, \u00a1servimos fielmente a las personas y las mascotas de nuestra comunidad durante d\u00e9cadas!\",\"breadcrumb\":{\"@id\":\"https:\\\/\\\/clearvieweasley.com\\\/es\\\/#breadcrumb\"},\"inLanguage\":\"es\",\"potentialAction\":[{\"@type\":\"ReadAction\",\"target\":[\"https:\\\/\\\/clearvieweasley.com\\\/es\\\/\"]}]},{\"@type\":\"ImageObject\",\"inLanguage\":\"es\",\"@id\":\"https:\\\/\\\/clearvieweasley.com\\\/es\\\/#primaryimage\",\"url\":\"https:\\\/\\\/clearvieweasley.com\\\/wp-content\\\/uploads\\\/2022\\\/08\\\/404pup.jpg\",\"contentUrl\":\"https:\\\/\\\/clearvieweasley.com\\\/wp-content\\\/uploads\\\/2022\\\/08\\\/404pup.jpg\",\"width\":600,\"height\":644},{\"@type\":\"BreadcrumbList\",\"@id\":\"https:\\\/\\\/clearvieweasley.com\\\/es\\\/#breadcrumb\",\"itemListElement\":[{\"@type\":\"ListItem\",\"position\":1,\"name\":\"Home\",\"item\":\"https:\\\/\\\/clearvieweasley.com\\\/es\\\/hogar\\\/\"},{\"@type\":\"ListItem\",\"position\":2,\"name\":\"Hogar\"}]},{\"@type\":\"WebSite\",\"@id\":\"https:\\\/\\\/clearvieweasley.com\\\/es\\\/#website\",\"url\":\"https:\\\/\\\/clearvieweasley.com\\\/es\\\/\",\"name\":\"Clearview Animal Hospital\",\"description\":\"The Animal Hospital with a heart for the Upstate!\",\"publisher\":{\"@id\":\"https:\\\/\\\/clearvieweasley.com\\\/es\\\/#organization\"},\"potentialAction\":[{\"@type\":\"SearchAction\",\"target\":{\"@type\":\"EntryPoint\",\"urlTemplate\":\"https:\\\/\\\/clearvieweasley.com\\\/es\\\/?s={search_term_string}\"},\"query-input\":{\"@type\":\"PropertyValueSpecification\",\"valueRequired\":true,\"valueName\":\"search_term_string\"}}],\"inLanguage\":\"es\"},{\"@type\":\"Organization\",\"@id\":\"https:\\\/\\\/clearvieweasley.com\\\/es\\\/#organization\",\"name\":\"Clearview Animal Hospital\",\"url\":\"https:\\\/\\\/clearvieweasley.com\\\/es\\\/\",\"logo\":{\"@type\":\"ImageObject\",\"inLanguage\":\"es\",\"@id\":\"https:\\\/\\\/clearvieweasley.com\\\/es\\\/#\\\/schema\\\/logo\\\/image\\\/\",\"url\":\"http:\\\/\\\/clearvieweasley.com\\\/wp-content\\\/uploads\\\/2022\\\/08\\\/clearview-animal-hospital-easley.png\",\"contentUrl\":\"http:\\\/\\\/clearvieweasley.com\\\/wp-content\\\/uploads\\\/2022\\\/08\\\/clearview-animal-hospital-easley.png\",\"width\":1200,\"height\":304,\"caption\":\"Clearview Animal Hospital\"},\"image\":{\"@id\":\"https:\\\/\\\/clearvieweasley.com\\\/es\\\/#\\\/schema\\\/logo\\\/image\\\/\"},\"sameAs\":[\"https:\\\/\\\/www.facebook.com\\\/clearviewanimalhospitalSC\"]}]}<\/script>\n<!-- \/ Yoast SEO plugin. -->","yoast_head_json":{"title":"Hospital de Animales Clearview |Ealey | Aceptamos Nuevos Pacientes","description":"Ofreciendo servicios veterinarios en el \u00e1rea de Easley y sus alrededores desde 1958 Hospital de Animales Clearview |Ealey | Aceptando pacientes nuevos Spearman y Furr, \u00a1servimos fielmente a las personas y las mascotas de nuestra comunidad durante d\u00e9cadas!","robots":{"index":"index","follow":"follow","max-snippet":"max-snippet:-1","max-image-preview":"max-image-preview:large","max-video-preview":"max-video-preview:-1"},"canonical":"https:\/\/clearvieweasley.com\/es\/","og_locale":"es_ES","og_type":"article","og_title":"Hospital Animal Clearview en Easley","og_description":"Orgulloso de ofrecer servicios de medicina veterinaria en Easley y sus alrededores desde 1958. Hospital de Animales Clearview |Ealey | Aceptando pacientes nuevos Spearman y Furr, \u00a1servimos fielmente a las personas y las mascotas de nuestra comunidad durante d\u00e9cadas!","og_url":"https:\/\/clearvieweasley.com\/es\/","og_site_name":"Clearview Animal Hospital","article_publisher":"https:\/\/www.facebook.com\/clearviewanimalhospitalSC","article_modified_time":"2024-06-10T18:42:59+00:00","og_image":[{"url":"http:\/\/clearvieweasley.com\/wp-content\/uploads\/2022\/10\/clearview-facebook-1024x538.jpg","type":"","width":"","height":""}],"twitter_card":"summary_large_image","twitter_misc":{"Tiempo de lectura":"2 minutos"},"schema":{"@context":"https:\/\/schema.org","@graph":[{"@type":"WebPage","@id":"https:\/\/clearvieweasley.com\/es\/","url":"https:\/\/clearvieweasley.com\/es\/","name":"Hospital de Animales Clearview |Ealey | Aceptamos Nuevos Pacientes","isPartOf":{"@id":"https:\/\/clearvieweasley.com\/es\/#website"},"primaryImageOfPage":{"@id":"https:\/\/clearvieweasley.com\/es\/#primaryimage"},"image":{"@id":"https:\/\/clearvieweasley.com\/es\/#primaryimage"},"thumbnailUrl":"https:\/\/clearvieweasley.com\/wp-content\/uploads\/2022\/08\/404pup.jpg","datePublished":"2022-08-20T16:35:37+00:00","dateModified":"2024-06-10T18:42:59+00:00","description":"Ofreciendo servicios veterinarios en el \u00e1rea de Easley y sus alrededores desde 1958 Hospital de Animales Clearview |Ealey | Aceptando pacientes nuevos Spearman y Furr, \u00a1servimos fielmente a las personas y las mascotas de nuestra comunidad durante d\u00e9cadas!","breadcrumb":{"@id":"https:\/\/clearvieweasley.com\/es\/#breadcrumb"},"inLanguage":"es","potentialAction":[{"@type":"ReadAction","target":["https:\/\/clearvieweasley.com\/es\/"]}]},{"@type":"ImageObject","inLanguage":"es","@id":"https:\/\/clearvieweasley.com\/es\/#primaryimage","url":"https:\/\/clearvieweasley.com\/wp-content\/uploads\/2022\/08\/404pup.jpg","contentUrl":"https:\/\/clearvieweasley.com\/wp-content\/uploads\/2022\/08\/404pup.jpg","width":600,"height":644},{"@type":"BreadcrumbList","@id":"https:\/\/clearvieweasley.com\/es\/#breadcrumb","itemListElement":[{"@type":"ListItem","position":1,"name":"Home","item":"https:\/\/clearvieweasley.com\/es\/hogar\/"},{"@type":"ListItem","position":2,"name":"Hogar"}]},{"@type":"WebSite","@id":"https:\/\/clearvieweasley.com\/es\/#website","url":"https:\/\/clearvieweasley.com\/es\/","name":"Clearview Animal Hospital","description":"The Animal Hospital with a heart for the Upstate!","publisher":{"@id":"https:\/\/clearvieweasley.com\/es\/#organization"},"potentialAction":[{"@type":"SearchAction","target":{"@type":"EntryPoint","urlTemplate":"https:\/\/clearvieweasley.com\/es\/?s={search_term_string}"},"query-input":{"@type":"PropertyValueSpecification","valueRequired":true,"valueName":"search_term_string"}}],"inLanguage":"es"},{"@type":"Organization","@id":"https:\/\/clearvieweasley.com\/es\/#organization","name":"Clearview Animal Hospital","url":"https:\/\/clearvieweasley.com\/es\/","logo":{"@type":"ImageObject","inLanguage":"es","@id":"https:\/\/clearvieweasley.com\/es\/#\/schema\/logo\/image\/","url":"http:\/\/clearvieweasley.com\/wp-content\/uploads\/2022\/08\/clearview-animal-hospital-easley.png","contentUrl":"http:\/\/clearvieweasley.com\/wp-content\/uploads\/2022\/08\/clearview-animal-hospital-easley.png","width":1200,"height":304,"caption":"Clearview Animal Hospital"},"image":{"@id":"https:\/\/clearvieweasley.com\/es\/#\/schema\/logo\/image\/"},"sameAs":["https:\/\/www.facebook.com\/clearviewanimalhospitalSC"]}]}},"meta_box":[],"_links":{"self":[{"href":"https:\/\/clearvieweasley.com\/es\/wp-json\/wp\/v2\/pages\/797","targetHints":{"allow":["GET"]}}],"collection":[{"href":"https:\/\/clearvieweasley.com\/es\/wp-json\/wp\/v2\/pages"}],"about":[{"href":"https:\/\/clearvieweasley.com\/es\/wp-json\/wp\/v2\/types\/page"}],"author":[{"embeddable":true,"href":"https:\/\/clearvieweasley.com\/es\/wp-json\/wp\/v2\/users\/1"}],"replies":[{"embeddable":true,"href":"https:\/\/clearvieweasley.com\/es\/wp-json\/wp\/v2\/comments?post=797"}],"version-history":[{"count":5,"href":"https:\/\/clearvieweasley.com\/es\/wp-json\/wp\/v2\/pages\/797\/revisions"}],"predecessor-version":[{"id":818,"href":"https:\/\/clearvieweasley.com\/es\/wp-json\/wp\/v2\/pages\/797\/revisions\/818"}],"wp:featuredmedia":[{"embeddable":true,"href":"https:\/\/clearvieweasley.com\/es\/wp-json\/wp\/v2\/media\/693"}],"wp:attachment":[{"href":"https:\/\/clearvieweasley.com\/es\/wp-json\/wp\/v2\/media?parent=797"}],"curies":[{"name":"wp","href":"https:\/\/api.w.org\/{rel}","templated":true}]}}